{"id":138,"date":"2017-04-13T17:34:37","date_gmt":"2017-04-13T15:34:37","guid":{"rendered":"http:\/\/sitev2.petravermeulen.com\/?page_id=138"},"modified":"2021-04-26T15:57:22","modified_gmt":"2021-04-26T13:57:22","slug":"contacter-voix-off-professionnelle","status":"publish","type":"page","link":"https:\/\/petravermeulen.com\/fr\/contacter-voix-off-professionnelle\/","title":{"rendered":"Contact"},"content":{"rendered":"\t\t<div data-elementor-type=\"wp-post\" data-elementor-id=\"138\" class=\"elementor elementor-138\">\n\t\t\t\t\t\t<section class=\"elementor-section elementor-top-section elementor-element elementor-element-imb0yvj elementor-section-boxed elementor-section-height-default elementor-section-height-default\" data-id=\"imb0yvj\" data-element_type=\"section\" data-e-type=\"section\">\n\t\t\t\t\t\t<div class=\"elementor-container elementor-column-gap-wide\">\n\t\t\t\t\t<div class=\"elementor-column elementor-col-100 elementor-top-column elementor-element elementor-element-apkol1a\" data-id=\"apkol1a\" data-element_type=\"column\" data-e-type=\"column\">\n\t\t\t<div class=\"elementor-widget-wrap elementor-element-populated\">\n\t\t\t\t\t\t<div class=\"elementor-element elementor-element-ad9mybq elementor-widget elementor-widget-heading\" data-id=\"ad9mybq\" data-element_type=\"widget\" data-e-type=\"widget\" data-widget_type=\"heading.default\">\n\t\t\t\t<div class=\"elementor-widget-container\">\n\t\t\t\t\t<h2 class=\"elementor-heading-title elementor-size-large\">Donnez des ailes \u00e0 votre projet!<\/h2>\t\t\t\t<\/div>\n\t\t\t\t<\/div>\n\t\t\t\t\t<\/div>\n\t\t<\/div>\n\t\t\t\t\t<\/div>\n\t\t<\/section>\n\t\t\t\t<section class=\"elementor-section elementor-top-section elementor-element elementor-element-9vhpgdb elementor-section-stretched elementor-section-boxed elementor-section-height-default elementor-section-height-default\" data-id=\"9vhpgdb\" data-element_type=\"section\" data-e-type=\"section\" data-settings=\"{&quot;stretch_section&quot;:&quot;section-stretched&quot;,&quot;background_background&quot;:&quot;classic&quot;}\">\n\t\t\t\t\t\t<div class=\"elementor-container elementor-column-gap-wider\">\n\t\t\t\t\t<div class=\"elementor-column elementor-col-16 elementor-top-column elementor-element elementor-element-pyvsqum\" data-id=\"pyvsqum\" data-element_type=\"column\" data-e-type=\"column\">\n\t\t\t<div class=\"elementor-widget-wrap\">\n\t\t\t\t\t\t\t<\/div>\n\t\t<\/div>\n\t\t\t\t<div class=\"elementor-column elementor-col-66 elementor-top-column elementor-element elementor-element-w5f2pml\" data-id=\"w5f2pml\" data-element_type=\"column\" data-e-type=\"column\">\n\t\t\t<div class=\"elementor-widget-wrap elementor-element-populated\">\n\t\t\t\t\t\t<div class=\"elementor-element elementor-element-475w0l3 elementor-widget elementor-widget-text-editor\" data-id=\"475w0l3\" data-element_type=\"widget\" data-e-type=\"widget\" data-widget_type=\"text-editor.default\">\n\t\t\t\t<div class=\"elementor-widget-container\">\n\t\t\t\t\t\t\t\t\t<p style=\"text-align: center;\">Pr\u00eat au d\u00e9collage? Moi aussi!<br \/>Demandez un devis ou un \u00e9chantillon personnalis\u00e9.<br \/>Cest gratuit. <br \/>Je vous r\u00e9pondrai au plus vite. J\u2019ai h\u00e2te de vous parler!<\/p>\t\t\t\t\t\t\t\t<\/div>\n\t\t\t\t<\/div>\n\t\t\t\t<div class=\"elementor-element elementor-element-tvoyrql elementor-widget elementor-widget-shortcode\" data-id=\"tvoyrql\" data-element_type=\"widget\" data-e-type=\"widget\" data-widget_type=\"shortcode.default\">\n\t\t\t\t<div class=\"elementor-widget-container\">\n\t\t\t\t\t\t\t<div class=\"elementor-shortcode\">\n<div class=\"wpcf7 no-js\" id=\"wpcf7-f1260-o1\" lang=\"fr-FR\" dir=\"ltr\" data-wpcf7-id=\"1260\">\n<div class=\"screen-reader-response\"><p role=\"status\" aria-live=\"polite\" aria-atomic=\"true\"><\/p> <ul><\/ul><\/div>\n<form action=\"\/fr\/wp-json\/wp\/v2\/pages\/138#wpcf7-f1260-o1\" method=\"post\" class=\"wpcf7-form init\" aria-label=\"Formulaire de contact\" novalidate=\"novalidate\" data-status=\"init\">\n<fieldset class=\"hidden-fields-container\"><input type=\"hidden\" name=\"_wpcf7\" value=\"1260\" \/><input type=\"hidden\" name=\"_wpcf7_version\" value=\"6.1.4\" \/><input type=\"hidden\" name=\"_wpcf7_locale\" value=\"fr_FR\" \/><input type=\"hidden\" name=\"_wpcf7_unit_tag\" value=\"wpcf7-f1260-o1\" \/><input type=\"hidden\" name=\"_wpcf7_container_post\" value=\"0\" \/><input type=\"hidden\" name=\"_wpcf7_posted_data_hash\" value=\"\" \/><input type=\"hidden\" name=\"_wpcf7_recaptcha_response\" value=\"\" \/>\n<\/fieldset>\n<p style=\"text-align:center\"><label> Nom<br \/>\n<span class=\"wpcf7-form-control-wrap\" data-name=\"your-name\"><input size=\"40\" maxlength=\"400\" class=\"wpcf7-form-control wpcf7-text wpcf7-validates-as-required\" aria-required=\"true\" aria-invalid=\"false\" value=\"\" type=\"text\" name=\"your-name\" \/><\/span> <\/label>\n<\/p>\n<p style=\"text-align:center\"><label> Email<br \/>\n<span class=\"wpcf7-form-control-wrap\" data-name=\"your-email\"><input size=\"40\" maxlength=\"400\" class=\"wpcf7-form-control wpcf7-email wpcf7-validates-as-required wpcf7-text wpcf7-validates-as-email\" aria-required=\"true\" aria-invalid=\"false\" value=\"\" type=\"email\" name=\"your-email\" \/><\/span> <\/label>\n<\/p>\n<p style=\"text-align:center\"><label> Message<br \/>\n<span class=\"wpcf7-form-control-wrap\" data-name=\"your-message\"><textarea cols=\"40\" rows=\"10\" maxlength=\"2000\" class=\"wpcf7-form-control wpcf7-textarea\" aria-invalid=\"false\" name=\"your-message\"><\/textarea><\/span> <\/label>\n<\/p>\n<p style=\"text-align:center\"><input class=\"wpcf7-form-control wpcf7-submit has-spinner\" type=\"submit\" value=\"FAITES-MOI SIGNE\" \/>\n<\/p><div class=\"wpcf7-response-output\" aria-hidden=\"true\"><\/div>\n<\/form>\n<\/div>\n<\/div>\n\t\t\t\t\t\t<\/div>\n\t\t\t\t<\/div>\n\t\t\t\t\t<\/div>\n\t\t<\/div>\n\t\t\t\t<div class=\"elementor-column elementor-col-16 elementor-top-column elementor-element elementor-element-siylnqm\" data-id=\"siylnqm\" data-element_type=\"column\" data-e-type=\"column\">\n\t\t\t<div class=\"elementor-widget-wrap\">\n\t\t\t\t\t\t\t<\/div>\n\t\t<\/div>\n\t\t\t\t\t<\/div>\n\t\t<\/section>\n\t\t\t\t<section class=\"elementor-section elementor-top-section elementor-element elementor-element-156e222 elementor-section-stretched elementor-section-boxed elementor-section-height-default elementor-section-height-default\" data-id=\"156e222\" data-element_type=\"section\" data-e-type=\"section\" data-settings=\"{&quot;stretch_section&quot;:&quot;section-stretched&quot;,&quot;background_background&quot;:&quot;classic&quot;}\">\n\t\t\t\t\t\t<div class=\"elementor-container elementor-column-gap-wide\">\n\t\t\t\t\t<div class=\"elementor-column elementor-col-100 elementor-top-column elementor-element elementor-element-eb1604a\" data-id=\"eb1604a\" data-element_type=\"column\" data-e-type=\"column\">\n\t\t\t<div class=\"elementor-widget-wrap elementor-element-populated\">\n\t\t\t\t\t\t<div class=\"elementor-element elementor-element-86cc3cf elementor-widget elementor-widget-heading\" data-id=\"86cc3cf\" data-element_type=\"widget\" data-e-type=\"widget\" data-widget_type=\"heading.default\">\n\t\t\t\t<div class=\"elementor-widget-container\">\n\t\t\t\t\t<h2 class=\"elementor-heading-title elementor-size-large\">Repr\u00e9sentation<\/h2>\t\t\t\t<\/div>\n\t\t\t\t<\/div>\n\t\t\t\t<section class=\"elementor-section elementor-inner-section elementor-element elementor-element-8c0a33c elementor-section-boxed elementor-section-height-default elementor-section-height-default\" data-id=\"8c0a33c\" data-element_type=\"section\" data-e-type=\"section\">\n\t\t\t\t\t\t<div class=\"elementor-container elementor-column-gap-default\">\n\t\t\t\t\t<div class=\"elementor-column elementor-col-25 elementor-inner-column elementor-element elementor-element-400a089\" data-id=\"400a089\" data-element_type=\"column\" data-e-type=\"column\">\n\t\t\t<div class=\"elementor-widget-wrap elementor-element-populated\">\n\t\t\t\t\t\t<div class=\"elementor-element elementor-element-ffb6726 elementor-widget elementor-widget-text-editor\" data-id=\"ffb6726\" data-element_type=\"widget\" data-e-type=\"widget\" data-widget_type=\"text-editor.default\">\n\t\t\t\t<div class=\"elementor-widget-container\">\n\t\t\t\t\t\t\t\t\t<p><strong>London<\/strong><\/p><p>BigFish Media<br \/> <a href=\"mailto:ricky@bigfishmedia.co.uk\" target=\"_blank\" rel=\"noopener\">Ricky Salmon<\/a><br \/> +44 (0) 1483 750578<\/p>\t\t\t\t\t\t\t\t<\/div>\n\t\t\t\t<\/div>\n\t\t\t\t\t<\/div>\n\t\t<\/div>\n\t\t\t\t<div class=\"elementor-column elementor-col-25 elementor-inner-column elementor-element elementor-element-9231025\" data-id=\"9231025\" data-element_type=\"column\" data-e-type=\"column\">\n\t\t\t<div class=\"elementor-widget-wrap elementor-element-populated\">\n\t\t\t\t\t\t<div class=\"elementor-element elementor-element-7a09582 elementor-widget elementor-widget-text-editor\" data-id=\"7a09582\" data-element_type=\"widget\" data-e-type=\"widget\" data-widget_type=\"text-editor.default\">\n\t\t\t\t<div class=\"elementor-widget-container\">\n\t\t\t\t\t\t\t\t\t<p><strong>Denver<\/strong><\/p>\n<p>GoVoices<br>\n<a href=\"mailto:josh@govoices.com\" target=\"_blank\" rel=\"noopener\">Josh Miller<\/a><br>\n+ 1 303-623-2723<\/p>\t\t\t\t\t\t\t\t<\/div>\n\t\t\t\t<\/div>\n\t\t\t\t\t<\/div>\n\t\t<\/div>\n\t\t\t\t<div class=\"elementor-column elementor-col-25 elementor-inner-column elementor-element elementor-element-5dc9a16\" data-id=\"5dc9a16\" data-element_type=\"column\" data-e-type=\"column\">\n\t\t\t<div class=\"elementor-widget-wrap elementor-element-populated\">\n\t\t\t\t\t\t<div class=\"elementor-element elementor-element-e31a238 elementor-widget elementor-widget-text-editor\" data-id=\"e31a238\" data-element_type=\"widget\" data-e-type=\"widget\" data-widget_type=\"text-editor.default\">\n\t\t\t\t<div class=\"elementor-widget-container\">\n\t\t\t\t\t\t\t\t\t<p><strong>Austin<\/strong><\/p><p>DB Talent<br \/><a href=\"mailto:dbtalent@dbtalent.com\" target=\"_blank\" rel=\"noopener\">Debora Duckett<\/a><br \/>+1 512-292-1030<\/p>\t\t\t\t\t\t\t\t<\/div>\n\t\t\t\t<\/div>\n\t\t\t\t\t<\/div>\n\t\t<\/div>\n\t\t\t\t<div class=\"elementor-column elementor-col-25 elementor-inner-column elementor-element elementor-element-23b2b33\" data-id=\"23b2b33\" data-element_type=\"column\" data-e-type=\"column\">\n\t\t\t<div class=\"elementor-widget-wrap elementor-element-populated\">\n\t\t\t\t\t\t<div class=\"elementor-element elementor-element-a17f7ac elementor-widget elementor-widget-text-editor\" data-id=\"a17f7ac\" data-element_type=\"widget\" data-e-type=\"widget\" data-widget_type=\"text-editor.default\">\n\t\t\t\t<div class=\"elementor-widget-container\">\n\t\t\t\t\t\t\t\t\t<p><strong>San Fransisco<\/strong><\/p><p>Stars Agency<br \/><a href=\"mailto:kristinc@starsagency.com\" target=\"_blank\" rel=\"noopener\">Kristin Stinett<\/a><br \/>+ 1 415-421-6272<\/p>\t\t\t\t\t\t\t\t<\/div>\n\t\t\t\t<\/div>\n\t\t\t\t\t<\/div>\n\t\t<\/div>\n\t\t\t\t\t<\/div>\n\t\t<\/section>\n\t\t\t\t\t<\/div>\n\t\t<\/div>\n\t\t\t\t\t<\/div>\n\t\t<\/section>\n\t\t\t\t<\/div>\n\t\t","protected":false},"excerpt":{"rendered":"<p>Donnez des ailes \u00e0 votre projet! Pr\u00eat au d\u00e9collage? Moi aussi!Demandez un devis ou un \u00e9chantillon personnalis\u00e9.Cest gratuit. Je vous r\u00e9pondrai au plus vite. J\u2019ai h\u00e2te de vous parler! Repr\u00e9sentation London BigFish Media Ricky Salmon +44 (0) 1483 750578 Denver GoVoices Josh Miller + 1 303-623-2723 Austin DB TalentDebora Duckett+1 512-292-1030 San Fransisco Stars AgencyKristin [&hellip;]<\/p>\n","protected":false},"author":1,"featured_media":0,"parent":0,"menu_order":0,"comment_status":"closed","ping_status":"closed","template":"","meta":{"ocean_post_layout":"","ocean_both_sidebars_style":"","ocean_both_sidebars_content_width":0,"ocean_both_sidebars_sidebars_width":0,"ocean_sidebar":"","ocean_second_sidebar":"","ocean_disable_margins":"enable","ocean_add_body_class":"","ocean_shortcode_before_top_bar":"","ocean_shortcode_after_top_bar":"","ocean_shortcode_before_header":"","ocean_shortcode_after_header":"","ocean_has_shortcode":"","ocean_shortcode_after_title":"","ocean_shortcode_before_footer_widgets":"","ocean_shortcode_after_footer_widgets":"","ocean_shortcode_before_footer_bottom":"","ocean_shortcode_after_footer_bottom":"","ocean_display_top_bar":"default","ocean_display_header":"default","ocean_header_style":"","ocean_center_header_left_menu":"","ocean_custom_header_template":"","ocean_custom_logo":0,"ocean_custom_retina_logo":0,"ocean_custom_logo_max_width":0,"ocean_custom_logo_tablet_max_width":0,"ocean_custom_logo_mobile_max_width":0,"ocean_custom_logo_max_height":0,"ocean_custom_logo_tablet_max_height":0,"ocean_custom_logo_mobile_max_height":0,"ocean_header_custom_menu":"","ocean_menu_typo_font_family":"","ocean_menu_typo_font_subset":"","ocean_menu_typo_font_size":0,"ocean_menu_typo_font_size_tablet":0,"ocean_menu_typo_font_size_mobile":0,"ocean_menu_typo_font_size_unit":"px","ocean_menu_typo_font_weight":"","ocean_menu_typo_font_weight_tablet":"","ocean_menu_typo_font_weight_mobile":"","ocean_menu_typo_transform":"","ocean_menu_typo_transform_tablet":"","ocean_menu_typo_transform_mobile":"","ocean_menu_typo_line_height":0,"ocean_menu_typo_line_height_tablet":0,"ocean_menu_typo_line_height_mobile":0,"ocean_menu_typo_line_height_unit":"","ocean_menu_typo_spacing":0,"ocean_menu_typo_spacing_tablet":0,"ocean_menu_typo_spacing_mobile":0,"ocean_menu_typo_spacing_unit":"","ocean_menu_link_color":"","ocean_menu_link_color_hover":"","ocean_menu_link_color_active":"","ocean_menu_link_background":"","ocean_menu_link_hover_background":"","ocean_menu_link_active_background":"","ocean_menu_social_links_bg":"","ocean_menu_social_hover_links_bg":"","ocean_menu_social_links_color":"","ocean_menu_social_hover_links_color":"","ocean_disable_title":"default","ocean_disable_heading":"default","ocean_post_title":"","ocean_post_subheading":"","ocean_post_title_style":"","ocean_post_title_background_color":"","ocean_post_title_background":0,"ocean_post_title_bg_image_position":"","ocean_post_title_bg_image_attachment":"","ocean_post_title_bg_image_repeat":"","ocean_post_title_bg_image_size":"","ocean_post_title_height":0,"ocean_post_title_bg_overlay":0.5,"ocean_post_title_bg_overlay_color":"","ocean_disable_breadcrumbs":"default","ocean_breadcrumbs_color":"","ocean_breadcrumbs_separator_color":"","ocean_breadcrumbs_links_color":"","ocean_breadcrumbs_links_hover_color":"","ocean_display_footer_widgets":"default","ocean_display_footer_bottom":"default","ocean_custom_footer_template":"","footnotes":""},"class_list":["post-138","page","type-page","status-publish","hentry","entry"],"yoast_head":"<!-- This site is optimized with the Yoast SEO plugin v26.9 - https:\/\/yoast.com\/product\/yoast-seo-wordpress\/ -->\n<title>Voix-off n\u00e9erlandaise et anglaise Petra Vermeulen: Contactez-moi<\/title>\n<meta name=\"description\" content=\"Contactez Petra Vermeulen pour vos besoins voix-off en anglais neutre ou international et n\u00e9erlandais. Vous recevrez une r\u00e9ponse le m\u00eame jour.\" \/>\n<meta name=\"robots\" content=\"index, follow, max-snippet:-1, max-image-preview:large, max-video-preview:-1\" \/>\n<link rel=\"canonical\" href=\"https:\/\/petravermeulen.com\/fr\/contacter-voix-off-professionnelle\/\" \/>\n<meta property=\"og:locale\" content=\"fr_FR\" \/>\n<meta property=\"og:type\" content=\"article\" \/>\n<meta property=\"og:title\" content=\"Voix-off n\u00e9erlandaise et anglaise Petra Vermeulen: Contactez-moi\" \/>\n<meta property=\"og:description\" content=\"Contactez Petra Vermeulen pour vos besoins voix-off en anglais neutre ou international et n\u00e9erlandais. Vous recevrez une r\u00e9ponse le m\u00eame jour.\" \/>\n<meta property=\"og:url\" content=\"https:\/\/petravermeulen.com\/fr\/contacter-voix-off-professionnelle\/\" \/>\n<meta property=\"og:site_name\" content=\"Petra Vermeulen\" \/>\n<meta property=\"article:modified_time\" content=\"2021-04-26T13:57:22+00:00\" \/>\n<meta name=\"twitter:card\" content=\"summary_large_image\" \/>\n<meta name=\"twitter:label1\" content=\"Dur\u00e9e de lecture estim\u00e9e\" \/>\n\t<meta name=\"twitter:data1\" content=\"1 minute\" \/>\n<script type=\"application\/ld+json\" class=\"yoast-schema-graph\">{\"@context\":\"https:\/\/schema.org\",\"@graph\":[{\"@type\":\"WebPage\",\"@id\":\"https:\/\/petravermeulen.com\/fr\/contacter-voix-off-professionnelle\/\",\"url\":\"https:\/\/petravermeulen.com\/fr\/contacter-voix-off-professionnelle\/\",\"name\":\"Voix-off n\u00e9erlandaise et anglaise Petra Vermeulen: Contactez-moi\",\"isPartOf\":{\"@id\":\"https:\/\/petravermeulen.com\/fr\/#website\"},\"datePublished\":\"2017-04-13T15:34:37+00:00\",\"dateModified\":\"2021-04-26T13:57:22+00:00\",\"description\":\"Contactez Petra Vermeulen pour vos besoins voix-off en anglais neutre ou international et n\u00e9erlandais. Vous recevrez une r\u00e9ponse le m\u00eame jour.\",\"breadcrumb\":{\"@id\":\"https:\/\/petravermeulen.com\/fr\/contacter-voix-off-professionnelle\/#breadcrumb\"},\"inLanguage\":\"fr-FR\",\"potentialAction\":[{\"@type\":\"ReadAction\",\"target\":[\"https:\/\/petravermeulen.com\/fr\/contacter-voix-off-professionnelle\/\"]}]},{\"@type\":\"BreadcrumbList\",\"@id\":\"https:\/\/petravermeulen.com\/fr\/contacter-voix-off-professionnelle\/#breadcrumb\",\"itemListElement\":[{\"@type\":\"ListItem\",\"position\":1,\"name\":\"Accueil\",\"item\":\"https:\/\/petravermeulen.com\/fr\/\"},{\"@type\":\"ListItem\",\"position\":2,\"name\":\"Contact\"}]},{\"@type\":\"WebSite\",\"@id\":\"https:\/\/petravermeulen.com\/fr\/#website\",\"url\":\"https:\/\/petravermeulen.com\/fr\/\",\"name\":\"Petra Vermeulen\",\"description\":\"Voix-off professionnelle anglaise et n\u00e9erlandaise\",\"publisher\":{\"@id\":\"https:\/\/petravermeulen.com\/fr\/#organization\"},\"potentialAction\":[{\"@type\":\"SearchAction\",\"target\":{\"@type\":\"EntryPoint\",\"urlTemplate\":\"https:\/\/petravermeulen.com\/fr\/?s={search_term_string}\"},\"query-input\":{\"@type\":\"PropertyValueSpecification\",\"valueRequired\":true,\"valueName\":\"search_term_string\"}}],\"inLanguage\":\"fr-FR\"},{\"@type\":\"Organization\",\"@id\":\"https:\/\/petravermeulen.com\/fr\/#organization\",\"name\":\"Petra Vermeulen\",\"url\":\"https:\/\/petravermeulen.com\/fr\/\",\"logo\":{\"@type\":\"ImageObject\",\"inLanguage\":\"fr-FR\",\"@id\":\"https:\/\/petravermeulen.com\/fr\/#\/schema\/logo\/image\/\",\"url\":\"https:\/\/petravermeulen.com\/fr\/wp-content\/uploads\/sites\/7\/2021\/04\/logo-petra-vermeulen.jpg\",\"contentUrl\":\"https:\/\/petravermeulen.com\/fr\/wp-content\/uploads\/sites\/7\/2021\/04\/logo-petra-vermeulen.jpg\",\"width\":350,\"height\":71,\"caption\":\"Petra Vermeulen\"},\"image\":{\"@id\":\"https:\/\/petravermeulen.com\/fr\/#\/schema\/logo\/image\/\"},\"sameAs\":[\"https:\/\/fr.linkedin.com\/in\/petravermeulen\/en\",\"https:\/\/www.youtube.com\/user\/VoiceoverPetra\"]}]}<\/script>\n<!-- \/ Yoast SEO plugin. -->","yoast_head_json":{"title":"Voix-off n\u00e9erlandaise et anglaise Petra Vermeulen: Contactez-moi","description":"Contactez Petra Vermeulen pour vos besoins voix-off en anglais neutre ou international et n\u00e9erlandais. Vous recevrez une r\u00e9ponse le m\u00eame jour.","robots":{"index":"index","follow":"follow","max-snippet":"max-snippet:-1","max-image-preview":"max-image-preview:large","max-video-preview":"max-video-preview:-1"},"canonical":"https:\/\/petravermeulen.com\/fr\/contacter-voix-off-professionnelle\/","og_locale":"fr_FR","og_type":"article","og_title":"Voix-off n\u00e9erlandaise et anglaise Petra Vermeulen: Contactez-moi","og_description":"Contactez Petra Vermeulen pour vos besoins voix-off en anglais neutre ou international et n\u00e9erlandais. Vous recevrez une r\u00e9ponse le m\u00eame jour.","og_url":"https:\/\/petravermeulen.com\/fr\/contacter-voix-off-professionnelle\/","og_site_name":"Petra Vermeulen","article_modified_time":"2021-04-26T13:57:22+00:00","twitter_card":"summary_large_image","twitter_misc":{"Dur\u00e9e de lecture estim\u00e9e":"1 minute"},"schema":{"@context":"https:\/\/schema.org","@graph":[{"@type":"WebPage","@id":"https:\/\/petravermeulen.com\/fr\/contacter-voix-off-professionnelle\/","url":"https:\/\/petravermeulen.com\/fr\/contacter-voix-off-professionnelle\/","name":"Voix-off n\u00e9erlandaise et anglaise Petra Vermeulen: Contactez-moi","isPartOf":{"@id":"https:\/\/petravermeulen.com\/fr\/#website"},"datePublished":"2017-04-13T15:34:37+00:00","dateModified":"2021-04-26T13:57:22+00:00","description":"Contactez Petra Vermeulen pour vos besoins voix-off en anglais neutre ou international et n\u00e9erlandais. Vous recevrez une r\u00e9ponse le m\u00eame jour.","breadcrumb":{"@id":"https:\/\/petravermeulen.com\/fr\/contacter-voix-off-professionnelle\/#breadcrumb"},"inLanguage":"fr-FR","potentialAction":[{"@type":"ReadAction","target":["https:\/\/petravermeulen.com\/fr\/contacter-voix-off-professionnelle\/"]}]},{"@type":"BreadcrumbList","@id":"https:\/\/petravermeulen.com\/fr\/contacter-voix-off-professionnelle\/#breadcrumb","itemListElement":[{"@type":"ListItem","position":1,"name":"Accueil","item":"https:\/\/petravermeulen.com\/fr\/"},{"@type":"ListItem","position":2,"name":"Contact"}]},{"@type":"WebSite","@id":"https:\/\/petravermeulen.com\/fr\/#website","url":"https:\/\/petravermeulen.com\/fr\/","name":"Petra Vermeulen","description":"Voix-off professionnelle anglaise et n\u00e9erlandaise","publisher":{"@id":"https:\/\/petravermeulen.com\/fr\/#organization"},"potentialAction":[{"@type":"SearchAction","target":{"@type":"EntryPoint","urlTemplate":"https:\/\/petravermeulen.com\/fr\/?s={search_term_string}"},"query-input":{"@type":"PropertyValueSpecification","valueRequired":true,"valueName":"search_term_string"}}],"inLanguage":"fr-FR"},{"@type":"Organization","@id":"https:\/\/petravermeulen.com\/fr\/#organization","name":"Petra Vermeulen","url":"https:\/\/petravermeulen.com\/fr\/","logo":{"@type":"ImageObject","inLanguage":"fr-FR","@id":"https:\/\/petravermeulen.com\/fr\/#\/schema\/logo\/image\/","url":"https:\/\/petravermeulen.com\/fr\/wp-content\/uploads\/sites\/7\/2021\/04\/logo-petra-vermeulen.jpg","contentUrl":"https:\/\/petravermeulen.com\/fr\/wp-content\/uploads\/sites\/7\/2021\/04\/logo-petra-vermeulen.jpg","width":350,"height":71,"caption":"Petra Vermeulen"},"image":{"@id":"https:\/\/petravermeulen.com\/fr\/#\/schema\/logo\/image\/"},"sameAs":["https:\/\/fr.linkedin.com\/in\/petravermeulen\/en","https:\/\/www.youtube.com\/user\/VoiceoverPetra"]}]}},"_links":{"self":[{"href":"https:\/\/petravermeulen.com\/fr\/wp-json\/wp\/v2\/pages\/138","targetHints":{"allow":["GET"]}}],"collection":[{"href":"https:\/\/petravermeulen.com\/fr\/wp-json\/wp\/v2\/pages"}],"about":[{"href":"https:\/\/petravermeulen.com\/fr\/wp-json\/wp\/v2\/types\/page"}],"author":[{"embeddable":true,"href":"https:\/\/petravermeulen.com\/fr\/wp-json\/wp\/v2\/users\/1"}],"replies":[{"embeddable":true,"href":"https:\/\/petravermeulen.com\/fr\/wp-json\/wp\/v2\/comments?post=138"}],"version-history":[{"count":31,"href":"https:\/\/petravermeulen.com\/fr\/wp-json\/wp\/v2\/pages\/138\/revisions"}],"predecessor-version":[{"id":16357,"href":"https:\/\/petravermeulen.com\/fr\/wp-json\/wp\/v2\/pages\/138\/revisions\/16357"}],"wp:attachment":[{"href":"https:\/\/petravermeulen.com\/fr\/wp-json\/wp\/v2\/media?parent=138"}],"curies":[{"name":"wp","href":"https:\/\/api.w.org\/{rel}","templated":true}]}}