{"id":16335,"date":"2021-04-26T14:33:58","date_gmt":"2021-04-26T12:33:58","guid":{"rendered":"https:\/\/petravermeulen.com\/fr\/?page_id=16335"},"modified":"2021-04-26T14:40:33","modified_gmt":"2021-04-26T12:40:33","slug":"cookies","status":"publish","type":"page","link":"https:\/\/petravermeulen.com\/fr\/cookies\/","title":{"rendered":"Cookies"},"content":{"rendered":"\t\t<div data-elementor-type=\"wp-page\" data-elementor-id=\"16335\" class=\"elementor elementor-16335\">\n\t\t\t\t\t\t<section class=\"elementor-section elementor-top-section elementor-element elementor-element-f425d09 elementor-section-boxed elementor-section-height-default elementor-section-height-default\" data-id=\"f425d09\" data-element_type=\"section\" data-e-type=\"section\">\n\t\t\t\t\t\t<div class=\"elementor-container elementor-column-gap-default\">\n\t\t\t\t\t<div class=\"elementor-column elementor-col-100 elementor-top-column elementor-element elementor-element-0402637\" data-id=\"0402637\" data-element_type=\"column\" data-e-type=\"column\">\n\t\t\t<div class=\"elementor-widget-wrap elementor-element-populated\">\n\t\t\t\t\t\t<div class=\"elementor-element elementor-element-c725326 elementor-widget elementor-widget-text-editor\" data-id=\"c725326\" data-element_type=\"widget\" data-e-type=\"widget\" data-widget_type=\"text-editor.default\">\n\t\t\t\t<div class=\"elementor-widget-container\">\n\t\t\t\t\t\t\t\t\t<p><strong>Introduction<\/strong><\/p><p>Notre site web, petravermeulen.com\/fr\u00a0utilise des cookies et autres technologies li\u00e9es (par simplification, toutes ces technologies sont d\u00e9sign\u00e9es par le terme \u00ab\u00a0cookies\u00a0\u00bb). Des cookies sont \u00e9galement plac\u00e9s par des tierces parties que nous avons engag\u00e9es. Dans le document ci-dessous, nous vous informons de l&#8217;utilisation des cookies sur notre site web.<\/p><p><strong>Que sont les cookies ?<\/strong><\/p><p>Un cookie est un petit fichier simple envoy\u00e9 avec les pages de ce site web et stock\u00e9 par votre navigateur sur le disque dur de votre ordinateur ou d&#8217;un autre appareil. Les informations qui y sont stock\u00e9es peuvent \u00eatre renvoy\u00e9es \u00e0 nos serveurs ou aux serveurs des tierces parties concern\u00e9es lors d&#8217;une visite ult\u00e9rieure.<\/p><p><strong>Que sont les scripts ?<\/strong><\/p><p>Un script est un \u00e9l\u00e9ment de code utilis\u00e9 pour que notre site web fonctionne correctement et de mani\u00e8re interactive. Ce code est ex\u00e9cut\u00e9 sur notre serveur ou sur votre appareil.<\/p><p><strong>Qu&#8217;est-ce qu&#8217;une balise invisible ?<\/strong><\/p><p>Une balise invisible (ou balise web) est un petit morceau de texte ou d&#8217;image invisible sur un site web, utilis\u00e9 pour suivre le trafic sur un site web. Pour ce faire, diverses donn\u00e9es vous concernant sont stock\u00e9es \u00e0 l&#8217;aide de balises invisibles.<\/p><p><strong>Cookies<\/strong><\/p><ul><li><strong>Cookies techniques ou fonctionnels<\/strong><\/li><\/ul><p>Certains cookies assurent le fonctionnement correct de certaines parties du site web et la prise en compte de vos pr\u00e9f\u00e9rences en tant qu&#8217;utilisateur. En pla\u00e7ant des cookies fonctionnels, nous vous facilitons la visite de notre site web. Ainsi, vous n&#8217;avez pas besoin de saisir \u00e0 plusieurs reprises les m\u00eames informations lors de la visite de notre site web et, par exemple, les \u00e9l\u00e9ments restent dans votre panier jusqu&#8217;\u00e0 votre paiement. Nous pouvons placer ces cookies sans votre consentement.<\/p><ul><li><strong>Cookies analytiques<\/strong><\/li><\/ul><p>Nous utilisons des cookies analytiques afin d&#8217;optimiser l&#8217;exp\u00e9rience des utilisateurs sur notre site web. Avec ces cookies analytiques, nous obtenons des informations sur l&#8217;utilisation de notre site web.\u00a0Nous demandons votre permission pour placer des cookies analytiques.<\/p><ul><li><strong>Cookies de marketing\/suivi<\/strong><\/li><\/ul><p>Les cookies de marketing\/suivi sont des cookies ou toute autre forme de stockage local, utilis\u00e9s pour cr\u00e9er des profils d&#8217;utilisateurs afin d&#8217;afficher de la publicit\u00e9 ou de suivre l&#8217;utilisateur sur ce site web ou sur plusieurs sites web \u00e0 des fins de marketing similaires.<\/p><ul><li><strong>Consentement<\/strong><\/li><\/ul><p>Lorsque vous visitez notre site web pour la premi\u00e8re fois, nous vous montrerons une fen\u00eatre contextuelle avec une explication sur les cookies. D\u00e8s que vous cliquez sur \u00ab Accepter les cookies \u00bb, vous consentez \u00e0 ce que nous utilisions tous les cookies et extensions comme d\u00e9crit dans la fen\u00eatre contextuelle et la pr\u00e9sente politique de cookies. Vous pouvez d\u00e9sactiver l&#8217;utilisation des cookies via votre navigateur, mais veuillez noter que notre site web pourrait ne plus fonctionner correctement.<\/p><ul><li><strong>Activer\/d\u00e9sactiver et supprimer les cookies<\/strong><\/li><\/ul><p>Vous pouvez utiliser votre navigateur internet pour supprimer automatiquement ou manuellement les cookies. Vous pouvez \u00e9galement sp\u00e9cifier que certains cookies ne peuvent pas \u00eatre plac\u00e9s. Une autre option consiste \u00e0 modifier les r\u00e9glages de votre navigateur internet afin que vous receviez un message \u00e0 chaque fois qu&#8217;un cookie est plac\u00e9. Pour plus d&#8217;informations sur ces options, reportez-vous aux instructions de la section Aide de votre navigateur. Veuillez noter que notre site web peut ne pas marcher correctement si tous les cookies sont d\u00e9sactiv\u00e9s. Si vous supprimez les cookies dans votre navigateur, ils seront de nouveau plac\u00e9s apr\u00e8s votre consentement lorsque vous revisiterez nos sites web.<\/p>\t\t\t\t\t\t\t\t<\/div>\n\t\t\t\t<\/div>\n\t\t\t\t\t<\/div>\n\t\t<\/div>\n\t\t\t\t\t<\/div>\n\t\t<\/section>\n\t\t\t\t<\/div>\n\t\t","protected":false},"excerpt":{"rendered":"<p>Introduction Notre site web, petravermeulen.com\/fr&nbsp;utilise des cookies et autres technologies li\u00e9es (par simplification, toutes ces technologies sont d\u00e9sign\u00e9es par le terme \u00ab&nbsp;cookies&nbsp;\u00bb). Des cookies sont \u00e9galement plac\u00e9s par des tierces parties que nous avons engag\u00e9es. Dans le document ci-dessous, nous vous informons de l&#8217;utilisation des cookies sur notre site web. Que sont les cookies ? [&hellip;]<\/p>\n","protected":false},"author":1,"featured_media":0,"parent":0,"menu_order":0,"comment_status":"closed","ping_status":"closed","template":"","meta":{"ocean_post_layout":"","ocean_both_sidebars_style":"","ocean_both_sidebars_content_width":0,"ocean_both_sidebars_sidebars_width":0,"ocean_sidebar":"0","ocean_second_sidebar":"0","ocean_disable_margins":"enable","ocean_add_body_class":"","ocean_shortcode_before_top_bar":"","ocean_shortcode_after_top_bar":"","ocean_shortcode_before_header":"","ocean_shortcode_after_header":"","ocean_has_shortcode":"","ocean_shortcode_after_title":"","ocean_shortcode_before_footer_widgets":"","ocean_shortcode_after_footer_widgets":"","ocean_shortcode_before_footer_bottom":"","ocean_shortcode_after_footer_bottom":"","ocean_display_top_bar":"default","ocean_display_header":"default","ocean_header_style":"","ocean_center_header_left_menu":"0","ocean_custom_header_template":"0","ocean_custom_logo":0,"ocean_custom_retina_logo":0,"ocean_custom_logo_max_width":0,"ocean_custom_logo_tablet_max_width":0,"ocean_custom_logo_mobile_max_width":0,"ocean_custom_logo_max_height":0,"ocean_custom_logo_tablet_max_height":0,"ocean_custom_logo_mobile_max_height":0,"ocean_header_custom_menu":"0","ocean_menu_typo_font_family":"0","ocean_menu_typo_font_subset":"","ocean_menu_typo_font_size":0,"ocean_menu_typo_font_size_tablet":0,"ocean_menu_typo_font_size_mobile":0,"ocean_menu_typo_font_size_unit":"px","ocean_menu_typo_font_weight":"","ocean_menu_typo_font_weight_tablet":"","ocean_menu_typo_font_weight_mobile":"","ocean_menu_typo_transform":"","ocean_menu_typo_transform_tablet":"","ocean_menu_typo_transform_mobile":"","ocean_menu_typo_line_height":0,"ocean_menu_typo_line_height_tablet":0,"ocean_menu_typo_line_height_mobile":0,"ocean_menu_typo_line_height_unit":"","ocean_menu_typo_spacing":0,"ocean_menu_typo_spacing_tablet":0,"ocean_menu_typo_spacing_mobile":0,"ocean_menu_typo_spacing_unit":"","ocean_menu_link_color":"","ocean_menu_link_color_hover":"","ocean_menu_link_color_active":"","ocean_menu_link_background":"","ocean_menu_link_hover_background":"","ocean_menu_link_active_background":"","ocean_menu_social_links_bg":"","ocean_menu_social_hover_links_bg":"","ocean_menu_social_links_color":"","ocean_menu_social_hover_links_color":"","ocean_disable_title":"default","ocean_disable_heading":"default","ocean_post_title":"","ocean_post_subheading":"","ocean_post_title_style":"","ocean_post_title_background_color":"","ocean_post_title_background":0,"ocean_post_title_bg_image_position":"","ocean_post_title_bg_image_attachment":"","ocean_post_title_bg_image_repeat":"","ocean_post_title_bg_image_size":"","ocean_post_title_height":0,"ocean_post_title_bg_overlay":0.5,"ocean_post_title_bg_overlay_color":"","ocean_disable_breadcrumbs":"default","ocean_breadcrumbs_color":"","ocean_breadcrumbs_separator_color":"","ocean_breadcrumbs_links_color":"","ocean_breadcrumbs_links_hover_color":"","ocean_display_footer_widgets":"default","ocean_display_footer_bottom":"default","ocean_custom_footer_template":"0","footnotes":""},"class_list":["post-16335","page","type-page","status-publish","hentry","entry"],"yoast_head":"<!-- This site is optimized with the Yoast SEO plugin v27.4 - https:\/\/yoast.com\/product\/yoast-seo-wordpress\/ -->\n<title>Cookies - Petra Vermeulen<\/title>\n<meta name=\"robots\" content=\"index, follow, max-snippet:-1, max-image-preview:large, max-video-preview:-1\" \/>\n<link rel=\"canonical\" href=\"https:\/\/petravermeulen.com\/fr\/cookies\/\" \/>\n<meta property=\"og:locale\" content=\"fr_FR\" \/>\n<meta property=\"og:type\" content=\"article\" \/>\n<meta property=\"og:title\" content=\"Cookies - Petra Vermeulen\" \/>\n<meta property=\"og:description\" content=\"Introduction Notre site web, petravermeulen.com\/fr&nbsp;utilise des cookies et autres technologies li\u00e9es (par simplification, toutes ces technologies sont d\u00e9sign\u00e9es par le terme \u00ab&nbsp;cookies&nbsp;\u00bb). Des cookies sont \u00e9galement plac\u00e9s par des tierces parties que nous avons engag\u00e9es. Dans le document ci-dessous, nous vous informons de l&#8217;utilisation des cookies sur notre site web. Que sont les cookies ? [&hellip;]\" \/>\n<meta property=\"og:url\" content=\"https:\/\/petravermeulen.com\/fr\/cookies\/\" \/>\n<meta property=\"og:site_name\" content=\"Petra Vermeulen\" \/>\n<meta property=\"article:modified_time\" content=\"2021-04-26T12:40:33+00:00\" \/>\n<meta name=\"twitter:card\" content=\"summary_large_image\" \/>\n<meta name=\"twitter:label1\" content=\"Dur\u00e9e de lecture estim\u00e9e\" \/>\n\t<meta name=\"twitter:data1\" content=\"3 minutes\" \/>\n<script type=\"application\/ld+json\" class=\"yoast-schema-graph\">{\"@context\":\"https:\\\/\\\/schema.org\",\"@graph\":[{\"@type\":\"WebPage\",\"@id\":\"https:\\\/\\\/petravermeulen.com\\\/fr\\\/cookies\\\/\",\"url\":\"https:\\\/\\\/petravermeulen.com\\\/fr\\\/cookies\\\/\",\"name\":\"Cookies - Petra Vermeulen\",\"isPartOf\":{\"@id\":\"https:\\\/\\\/petravermeulen.com\\\/fr\\\/#website\"},\"datePublished\":\"2021-04-26T12:33:58+00:00\",\"dateModified\":\"2021-04-26T12:40:33+00:00\",\"breadcrumb\":{\"@id\":\"https:\\\/\\\/petravermeulen.com\\\/fr\\\/cookies\\\/#breadcrumb\"},\"inLanguage\":\"fr-FR\",\"potentialAction\":[{\"@type\":\"ReadAction\",\"target\":[\"https:\\\/\\\/petravermeulen.com\\\/fr\\\/cookies\\\/\"]}]},{\"@type\":\"BreadcrumbList\",\"@id\":\"https:\\\/\\\/petravermeulen.com\\\/fr\\\/cookies\\\/#breadcrumb\",\"itemListElement\":[{\"@type\":\"ListItem\",\"position\":1,\"name\":\"Accueil\",\"item\":\"https:\\\/\\\/petravermeulen.com\\\/fr\\\/\"},{\"@type\":\"ListItem\",\"position\":2,\"name\":\"Cookies\"}]},{\"@type\":\"WebSite\",\"@id\":\"https:\\\/\\\/petravermeulen.com\\\/fr\\\/#website\",\"url\":\"https:\\\/\\\/petravermeulen.com\\\/fr\\\/\",\"name\":\"Petra Vermeulen\",\"description\":\"Voix-off professionnelle anglaise et n\u00e9erlandaise\",\"publisher\":{\"@id\":\"https:\\\/\\\/petravermeulen.com\\\/fr\\\/#organization\"},\"potentialAction\":[{\"@type\":\"SearchAction\",\"target\":{\"@type\":\"EntryPoint\",\"urlTemplate\":\"https:\\\/\\\/petravermeulen.com\\\/fr\\\/?s={search_term_string}\"},\"query-input\":{\"@type\":\"PropertyValueSpecification\",\"valueRequired\":true,\"valueName\":\"search_term_string\"}}],\"inLanguage\":\"fr-FR\"},{\"@type\":\"Organization\",\"@id\":\"https:\\\/\\\/petravermeulen.com\\\/fr\\\/#organization\",\"name\":\"Petra Vermeulen\",\"url\":\"https:\\\/\\\/petravermeulen.com\\\/fr\\\/\",\"logo\":{\"@type\":\"ImageObject\",\"inLanguage\":\"fr-FR\",\"@id\":\"https:\\\/\\\/petravermeulen.com\\\/fr\\\/#\\\/schema\\\/logo\\\/image\\\/\",\"url\":\"https:\\\/\\\/petravermeulen.com\\\/fr\\\/wp-content\\\/uploads\\\/sites\\\/7\\\/2021\\\/04\\\/logo-petra-vermeulen.jpg\",\"contentUrl\":\"https:\\\/\\\/petravermeulen.com\\\/fr\\\/wp-content\\\/uploads\\\/sites\\\/7\\\/2021\\\/04\\\/logo-petra-vermeulen.jpg\",\"width\":350,\"height\":71,\"caption\":\"Petra Vermeulen\"},\"image\":{\"@id\":\"https:\\\/\\\/petravermeulen.com\\\/fr\\\/#\\\/schema\\\/logo\\\/image\\\/\"},\"sameAs\":[\"https:\\\/\\\/fr.linkedin.com\\\/in\\\/petravermeulen\\\/en\",\"https:\\\/\\\/www.youtube.com\\\/user\\\/VoiceoverPetra\"]}]}<\/script>\n<!-- \/ Yoast SEO plugin. -->","yoast_head_json":{"title":"Cookies - Petra Vermeulen","robots":{"index":"index","follow":"follow","max-snippet":"max-snippet:-1","max-image-preview":"max-image-preview:large","max-video-preview":"max-video-preview:-1"},"canonical":"https:\/\/petravermeulen.com\/fr\/cookies\/","og_locale":"fr_FR","og_type":"article","og_title":"Cookies - Petra Vermeulen","og_description":"Introduction Notre site web, petravermeulen.com\/fr&nbsp;utilise des cookies et autres technologies li\u00e9es (par simplification, toutes ces technologies sont d\u00e9sign\u00e9es par le terme \u00ab&nbsp;cookies&nbsp;\u00bb). Des cookies sont \u00e9galement plac\u00e9s par des tierces parties que nous avons engag\u00e9es. Dans le document ci-dessous, nous vous informons de l&#8217;utilisation des cookies sur notre site web. Que sont les cookies ? [&hellip;]","og_url":"https:\/\/petravermeulen.com\/fr\/cookies\/","og_site_name":"Petra Vermeulen","article_modified_time":"2021-04-26T12:40:33+00:00","twitter_card":"summary_large_image","twitter_misc":{"Dur\u00e9e de lecture estim\u00e9e":"3 minutes"},"schema":{"@context":"https:\/\/schema.org","@graph":[{"@type":"WebPage","@id":"https:\/\/petravermeulen.com\/fr\/cookies\/","url":"https:\/\/petravermeulen.com\/fr\/cookies\/","name":"Cookies - Petra Vermeulen","isPartOf":{"@id":"https:\/\/petravermeulen.com\/fr\/#website"},"datePublished":"2021-04-26T12:33:58+00:00","dateModified":"2021-04-26T12:40:33+00:00","breadcrumb":{"@id":"https:\/\/petravermeulen.com\/fr\/cookies\/#breadcrumb"},"inLanguage":"fr-FR","potentialAction":[{"@type":"ReadAction","target":["https:\/\/petravermeulen.com\/fr\/cookies\/"]}]},{"@type":"BreadcrumbList","@id":"https:\/\/petravermeulen.com\/fr\/cookies\/#breadcrumb","itemListElement":[{"@type":"ListItem","position":1,"name":"Accueil","item":"https:\/\/petravermeulen.com\/fr\/"},{"@type":"ListItem","position":2,"name":"Cookies"}]},{"@type":"WebSite","@id":"https:\/\/petravermeulen.com\/fr\/#website","url":"https:\/\/petravermeulen.com\/fr\/","name":"Petra Vermeulen","description":"Voix-off professionnelle anglaise et n\u00e9erlandaise","publisher":{"@id":"https:\/\/petravermeulen.com\/fr\/#organization"},"potentialAction":[{"@type":"SearchAction","target":{"@type":"EntryPoint","urlTemplate":"https:\/\/petravermeulen.com\/fr\/?s={search_term_string}"},"query-input":{"@type":"PropertyValueSpecification","valueRequired":true,"valueName":"search_term_string"}}],"inLanguage":"fr-FR"},{"@type":"Organization","@id":"https:\/\/petravermeulen.com\/fr\/#organization","name":"Petra Vermeulen","url":"https:\/\/petravermeulen.com\/fr\/","logo":{"@type":"ImageObject","inLanguage":"fr-FR","@id":"https:\/\/petravermeulen.com\/fr\/#\/schema\/logo\/image\/","url":"https:\/\/petravermeulen.com\/fr\/wp-content\/uploads\/sites\/7\/2021\/04\/logo-petra-vermeulen.jpg","contentUrl":"https:\/\/petravermeulen.com\/fr\/wp-content\/uploads\/sites\/7\/2021\/04\/logo-petra-vermeulen.jpg","width":350,"height":71,"caption":"Petra Vermeulen"},"image":{"@id":"https:\/\/petravermeulen.com\/fr\/#\/schema\/logo\/image\/"},"sameAs":["https:\/\/fr.linkedin.com\/in\/petravermeulen\/en","https:\/\/www.youtube.com\/user\/VoiceoverPetra"]}]}},"_links":{"self":[{"href":"https:\/\/petravermeulen.com\/fr\/wp-json\/wp\/v2\/pages\/16335","targetHints":{"allow":["GET"]}}],"collection":[{"href":"https:\/\/petravermeulen.com\/fr\/wp-json\/wp\/v2\/pages"}],"about":[{"href":"https:\/\/petravermeulen.com\/fr\/wp-json\/wp\/v2\/types\/page"}],"author":[{"embeddable":true,"href":"https:\/\/petravermeulen.com\/fr\/wp-json\/wp\/v2\/users\/1"}],"replies":[{"embeddable":true,"href":"https:\/\/petravermeulen.com\/fr\/wp-json\/wp\/v2\/comments?post=16335"}],"version-history":[{"count":5,"href":"https:\/\/petravermeulen.com\/fr\/wp-json\/wp\/v2\/pages\/16335\/revisions"}],"predecessor-version":[{"id":16347,"href":"https:\/\/petravermeulen.com\/fr\/wp-json\/wp\/v2\/pages\/16335\/revisions\/16347"}],"wp:attachment":[{"href":"https:\/\/petravermeulen.com\/fr\/wp-json\/wp\/v2\/media?parent=16335"}],"curies":[{"name":"wp","href":"https:\/\/api.w.org\/{rel}","templated":true}]}}