{"id":622,"date":"2017-08-09T12:49:00","date_gmt":"2017-08-09T10:49:00","guid":{"rendered":"http:\/\/sitev2.petravermeulen.com\/?page_id=622"},"modified":"2021-04-26T14:38:25","modified_gmt":"2021-04-26T12:38:25","slug":"mentions-legales","status":"publish","type":"page","link":"https:\/\/petravermeulen.com\/fr\/mentions-legales\/","title":{"rendered":"Mentions l\u00e9gales"},"content":{"rendered":"\t\t<div data-elementor-type=\"wp-post\" data-elementor-id=\"622\" class=\"elementor elementor-622\">\n\t\t\t\t\t\t<section class=\"elementor-section elementor-top-section elementor-element elementor-element-hgbjpzc elementor-section-stretched elementor-section-boxed elementor-section-height-default elementor-section-height-default\" data-id=\"hgbjpzc\" data-element_type=\"section\" data-e-type=\"section\" data-settings=\"{&quot;stretch_section&quot;:&quot;section-stretched&quot;,&quot;background_background&quot;:&quot;classic&quot;}\">\n\t\t\t\t\t\t<div class=\"elementor-container elementor-column-gap-wide\">\n\t\t\t\t\t<div class=\"elementor-column elementor-col-100 elementor-top-column elementor-element elementor-element-ptrccmz\" data-id=\"ptrccmz\" data-element_type=\"column\" data-e-type=\"column\">\n\t\t\t<div class=\"elementor-widget-wrap elementor-element-populated\">\n\t\t\t\t\t\t<div class=\"elementor-element elementor-element-fsjvwts elementor-widget elementor-widget-heading\" data-id=\"fsjvwts\" data-element_type=\"widget\" data-e-type=\"widget\" data-widget_type=\"heading.default\">\n\t\t\t\t<div class=\"elementor-widget-container\">\n\t\t\t\t\t<h2 class=\"elementor-heading-title elementor-size-medium\">Mentions l\u00e9gales:<\/h2>\t\t\t\t<\/div>\n\t\t\t\t<\/div>\n\t\t\t\t<div class=\"elementor-element elementor-element-duzbros elementor-widget elementor-widget-text-editor\" data-id=\"duzbros\" data-element_type=\"widget\" data-e-type=\"widget\" data-widget_type=\"text-editor.default\">\n\t\t\t\t<div class=\"elementor-widget-container\">\n\t\t\t\t\t\t\t\t\t<p><strong>Ce site web appartient \u00e0:<\/strong><br \/>Petra Vermeulen<br \/>Tel.: +33 (0)2 51 78 21 51<br \/>info@TVA: FR86791207038<\/p>\t\t\t\t\t\t\t\t<\/div>\n\t\t\t\t<\/div>\n\t\t\t\t<div class=\"elementor-element elementor-element-lklwoei elementor-widget elementor-widget-text-editor\" data-id=\"lklwoei\" data-element_type=\"widget\" data-e-type=\"widget\" data-widget_type=\"text-editor.default\">\n\t\t\t\t<div class=\"elementor-widget-container\">\n\t\t\t\t\t\t\t\t\t<p><strong>Adresse:<\/strong><br \/>2 bis, Chemin du Ruisseau &#8211;\u00a044310 Saint Philbert de Grandlieu &#8211;\u00a0FRANCE<\/p>\t\t\t\t\t\t\t\t<\/div>\n\t\t\t\t<\/div>\n\t\t\t\t<div class=\"elementor-element elementor-element-rsb5xbh elementor-widget-divider--view-line elementor-widget elementor-widget-divider\" data-id=\"rsb5xbh\" data-element_type=\"widget\" data-e-type=\"widget\" data-widget_type=\"divider.default\">\n\t\t\t\t<div class=\"elementor-widget-container\">\n\t\t\t\t\t\t\t<div class=\"elementor-divider\">\n\t\t\t<span class=\"elementor-divider-separator\">\n\t\t\t\t\t\t<\/span>\n\t\t<\/div>\n\t\t\t\t\t\t<\/div>\n\t\t\t\t<\/div>\n\t\t\t\t<div class=\"elementor-element elementor-element-46jfl41 elementor-widget elementor-widget-text-editor\" data-id=\"46jfl41\" data-element_type=\"widget\" data-e-type=\"widget\" data-widget_type=\"text-editor.default\">\n\t\t\t\t<div class=\"elementor-widget-container\">\n\t\t\t\t\t\t\t\t\t<p><strong>Reproduction &#8211; Diffusion<br \/><\/strong>Toute diffusion ou reproduction de l&#8217;information contenue dans les pages de ce site doit faire l&#8217;objet d&#8217;une demande pr\u00e9alable aupr\u00e8s de Petra Vermeulen.<\/p><p><strong>Exercice du droit d&#8217;acc\u00e8s<br \/><\/strong>Conform\u00e9ment \u00e0 l&#8217;article 34 de la Loi Informatique et Libert\u00e9s, vous disposez d&#8217;un droit d&#8217;acc\u00e8s, de modification, de rectification et de suppression des donn\u00e9es qui vous concernent.<br \/>Pour exercer ce droit d&#8217;acc\u00e8s, <a href=\"mailto:petravvo@gmail.com\">contactez-nous par e-mail<\/a>.<\/p><p><strong>Liens vers le site<br \/><\/strong>La mise en place de liens par des tiers vers des pages diffus\u00e9es sur notre site est autoris\u00e9e sous r\u00e9serve: d&#8217;une part d&#8217;un accord pr\u00e9alable par mail, et d&#8217;autre part que les liens ne contreviennent pas aux int\u00e9r\u00eats du site, et qu\u2019ils garantissent la possibilit\u00e9 pour l\u2019utilisateur d\u2019identifier l\u2019origine et l\u2019auteur du document \u00e9ditorial, graphique ou iconographique.<br \/>Je me r\u00e9serve le droit express de demande de r\u00e9siliation de l&#8217;accord de lien avec son site internet, sur simple demande.<\/p><p><strong>Propri\u00e9t\u00e9 intellectuelle<br \/><\/strong>Le site est une \u0153uvre de cr\u00e9ation artistique, propri\u00e9t\u00e9 exclusive de Petra Vermeulen, prot\u00e9g\u00e9 par la l\u00e9gislation fran\u00e7aise et internationale sur le droit de la propri\u00e9t\u00e9 intellectuelle. Par cons\u00e9quent, toute repr\u00e9sentation, toute reproduction et, de mani\u00e8re plus g\u00e9n\u00e9rale, toute exploitation, par quelque proc\u00e9d\u00e9 que ce soit, de tout ou partie du site, sans l\u2019autorisation pr\u00e9alable et \u00e9crite est strictement interdite. (Loi 57298 du 11 mars 1957).<br \/>Je me se r\u00e9serve le droit d\u2019approuver ou de d\u00e9sapprouver toute utilisation du logo et des photos pr\u00e9sentes sur le site.<br \/><strong><br \/>Responsabilit\u00e9<br \/><\/strong>Je d\u00e9cline toute responsabilit\u00e9 pour les difficult\u00e9s rencontr\u00e9es lors de l&#8217;acc\u00e8s \u00e0 son site ou pour toute d\u00e9faillance de communication.<br \/>Ce site est h\u00e9berg\u00e9 par 1&amp;1 qui dispose de sa propre politique en mati\u00e8re de recueil d\u2019informations et qui peut avoir acc\u00e8s au contenu de ce site. Renseignez-vous aupr\u00e8s de cette soci\u00e9t\u00e9 pour en savoir plus. Le contrat d\u2019h\u00e9bergement de ce site est soumis au droit fran\u00e7ais.<\/p><p>1&amp;1 Internet SARL &#8211; 7, place de la Gare &#8211; 57201 Sarreguemines &#8211; FRANCE.<\/p><p><strong>Gestion des donn\u00e9es personnelles<\/strong><\/p><p>Le Client est inform\u00e9 des r\u00e9glementations concernant la communication marketing, la loi du 21 Juin 2014 pour la confiance dans l\u2019Economie Num\u00e9rique, la Loi Informatique et Libert\u00e9 du 06 Ao\u00fbt 2004 ainsi que du R\u00e8glement G\u00e9n\u00e9ral sur la Protection des Donn\u00e9es (RGPD\u00a0: n\u00b0 2016-679).<\/p><p>L\u2019Utilisateur peut \u00eatre amen\u00e9 \u00e0 fournir certaines donn\u00e9es personnelles en r\u00e9pondant aux formulaires qui lui sont propos\u00e9s sur le Site. La saisie de ces donn\u00e9es est n\u00e9cessaire au traitement de la demande de l\u2019Utilisateur par Petra Vermeulen.<br \/>Petra Vermeulen s\u2019engage \u00e0 respecter les dispositions de la loi n\u00b078-17 du 6 janvier 1978 relative \u00e0 l\u2019informatique, aux fichiers et aux libert\u00e9s modifi\u00e9es et au R\u00e8glement (UE) 2016\/679 du Parlement europ\u00e9en et du Conseil du 27 avril 2016 dit \u00ab RGPD \u00bb et prendre toute pr\u00e9caution n\u00e9cessaire pour pr\u00e9server la s\u00e9curit\u00e9 des informations nominatives confi\u00e9es.<\/p><p><strong>&#8211; Responsable de traitement :<\/strong><br \/>Petra Vermeulen traite les donn\u00e9es personnelles des Utilisateurs en qualit\u00e9 de responsable de traitement.<\/p><p><strong>&#8211; Finalit\u00e9 des donn\u00e9s collect\u00e9es :<\/strong><br \/>Petra Vermeulen recueille sur le Site des donn\u00e9es personnelles d\u2019Utilisateurs ayant pris contact avec elle via le formulaire de contact en ligne. Dans le cadre de la fourniture de ses services, Petra Vermeulen traite uniquement les donn\u00e9es personnelles suivantes, strictement n\u00e9cessaires \u00e0 la demande de prise de contact : nom, pr\u00e9nom et adresse email.<\/p><p><strong>&#8211; Dur\u00e9e de conservation des donn\u00e9es :<\/strong><br \/>\u2013 Si \u00e9change sans devis : conservation des donn\u00e9es personnelles 6 mois \u00e0 compter du dernier \u00e9change avec l\u2019Utilisateur<br \/>\u2013 Si devis sans relation contractuelle : maintenu pour base de nouveaux devis \u00e0 de nouveaux clients\/prospects, puis anonymis\u00e9 pour les donn\u00e9es personnelles 3 ans \u00e0 compter de la date du devis<br \/>\u2013 Si contrat : 5 ans sauf si demande expresse anticip\u00e9e du client (hors obligation l\u00e9gale, facture 10 ans)<\/p><p><strong>&#8211; Droits d\u2019acc\u00e8s, de rectification et d\u2019opposition<\/strong><\/p><p>Conform\u00e9ment \u00e0 la r\u00e9glementation europ\u00e9enne en vigueur, les Utilisateurs de <a href=\"https:\/\/petravermeulen.com\/fr\/\">petravermeulen.com\/fr<\/a>\u00a0disposent des droits suivants :<\/p><ul><li>droit d\u2019acc\u00e8s (article 15 RGPD) et de rectification (article 16 RGPD), de mise \u00e0 jour, de compl\u00e9tude des donn\u00e9es des Utilisateurs droit de verrouillage ou d\u2019effacement des donn\u00e9es des Utilisateurs \u00e0 caract\u00e8re personnel (article 17 du RGPD), lorsqu\u2019elles sont inexactes, incompl\u00e8tes, \u00e9quivoques, p\u00e9rim\u00e9es, ou dont la collecte, l\u2019utilisation, la communication ou la conservation est interdite<\/li><li>droit de retirer \u00e0 tout moment un consentement (article 13-2c RGPD)<\/li><li>droit \u00e0 la limitation du traitement des donn\u00e9es des Utilisateurs (article 18 RGPD)<\/li><li>droit d\u2019opposition au traitement des donn\u00e9es des Utilisateurs (article 21 RGPD)<\/li><li>droit \u00e0 la portabilit\u00e9 des donn\u00e9es que les Utilisateurs auront fournies, lorsque ces donn\u00e9es font l\u2019objet de traitements automatis\u00e9s fond\u00e9s sur leur consentement ou sur un contrat (article 20 RGPD)<\/li><\/ul><p align=\"justify\">Pour exercer l\u2019un de ces droits, il convient d\u2019adresser sa demande par email \u00e0 l\u2019adresse suivante : info@petravermeulen.com.<\/p><p align=\"justify\"><strong>Cookies<\/strong><\/p><p>La navigation sur le Site est susceptible d\u2019entra\u00eener l\u2019installation de cookies sur l\u2019ordinateur de l\u2019utilisateur.<\/p><p><a href=\"https:\/\/petravermeulen.com\/fr\/cookies\/\">En savoir plus sur la politique de Cookies<\/a><\/p>\t\t\t\t\t\t\t\t<\/div>\n\t\t\t\t<\/div>\n\t\t\t\t\t<\/div>\n\t\t<\/div>\n\t\t\t\t\t<\/div>\n\t\t<\/section>\n\t\t\t\t<\/div>\n\t\t","protected":false},"excerpt":{"rendered":"<p>Mentions l\u00e9gales: Ce site web appartient \u00e0:Petra VermeulenTel.: +33 (0)2 51 78 21 51info@TVA: FR86791207038 Adresse:2 bis, Chemin du Ruisseau &#8211;\u00a044310 Saint Philbert de Grandlieu &#8211;\u00a0FRANCE Reproduction &#8211; DiffusionToute diffusion ou reproduction de l&#8217;information contenue dans les pages de ce site doit faire l&#8217;objet d&#8217;une demande pr\u00e9alable aupr\u00e8s de Petra Vermeulen. Exercice du droit d&#8217;acc\u00e8sConform\u00e9ment [&hellip;]<\/p>\n","protected":false},"author":1,"featured_media":0,"parent":0,"menu_order":0,"comment_status":"closed","ping_status":"closed","template":"","meta":{"ocean_post_layout":"","ocean_both_sidebars_style":"","ocean_both_sidebars_content_width":0,"ocean_both_sidebars_sidebars_width":0,"ocean_sidebar":"","ocean_second_sidebar":"","ocean_disable_margins":"enable","ocean_add_body_class":"","ocean_shortcode_before_top_bar":"","ocean_shortcode_after_top_bar":"","ocean_shortcode_before_header":"","ocean_shortcode_after_header":"","ocean_has_shortcode":"","ocean_shortcode_after_title":"","ocean_shortcode_before_footer_widgets":"","ocean_shortcode_after_footer_widgets":"","ocean_shortcode_before_footer_bottom":"","ocean_shortcode_after_footer_bottom":"","ocean_display_top_bar":"default","ocean_display_header":"default","ocean_header_style":"","ocean_center_header_left_menu":"","ocean_custom_header_template":"","ocean_custom_logo":0,"ocean_custom_retina_logo":0,"ocean_custom_logo_max_width":0,"ocean_custom_logo_tablet_max_width":0,"ocean_custom_logo_mobile_max_width":0,"ocean_custom_logo_max_height":0,"ocean_custom_logo_tablet_max_height":0,"ocean_custom_logo_mobile_max_height":0,"ocean_header_custom_menu":"","ocean_menu_typo_font_family":"","ocean_menu_typo_font_subset":"","ocean_menu_typo_font_size":0,"ocean_menu_typo_font_size_tablet":0,"ocean_menu_typo_font_size_mobile":0,"ocean_menu_typo_font_size_unit":"px","ocean_menu_typo_font_weight":"","ocean_menu_typo_font_weight_tablet":"","ocean_menu_typo_font_weight_mobile":"","ocean_menu_typo_transform":"","ocean_menu_typo_transform_tablet":"","ocean_menu_typo_transform_mobile":"","ocean_menu_typo_line_height":0,"ocean_menu_typo_line_height_tablet":0,"ocean_menu_typo_line_height_mobile":0,"ocean_menu_typo_line_height_unit":"","ocean_menu_typo_spacing":0,"ocean_menu_typo_spacing_tablet":0,"ocean_menu_typo_spacing_mobile":0,"ocean_menu_typo_spacing_unit":"","ocean_menu_link_color":"","ocean_menu_link_color_hover":"","ocean_menu_link_color_active":"","ocean_menu_link_background":"","ocean_menu_link_hover_background":"","ocean_menu_link_active_background":"","ocean_menu_social_links_bg":"","ocean_menu_social_hover_links_bg":"","ocean_menu_social_links_color":"","ocean_menu_social_hover_links_color":"","ocean_disable_title":"default","ocean_disable_heading":"default","ocean_post_title":"","ocean_post_subheading":"","ocean_post_title_style":"","ocean_post_title_background_color":"","ocean_post_title_background":0,"ocean_post_title_bg_image_position":"","ocean_post_title_bg_image_attachment":"","ocean_post_title_bg_image_repeat":"","ocean_post_title_bg_image_size":"","ocean_post_title_height":0,"ocean_post_title_bg_overlay":0.5,"ocean_post_title_bg_overlay_color":"","ocean_disable_breadcrumbs":"default","ocean_breadcrumbs_color":"","ocean_breadcrumbs_separator_color":"","ocean_breadcrumbs_links_color":"","ocean_breadcrumbs_links_hover_color":"","ocean_display_footer_widgets":"default","ocean_display_footer_bottom":"default","ocean_custom_footer_template":"","footnotes":""},"class_list":["post-622","page","type-page","status-publish","hentry","entry"],"yoast_head":"<!-- This site is optimized with the Yoast SEO plugin v26.9 - https:\/\/yoast.com\/product\/yoast-seo-wordpress\/ -->\n<title>Voix-off professionnelle - Petra Vermeulen<\/title>\n<meta name=\"description\" content=\"Je suis une artiste voix-off n\u00e9erlandaise native avec une expertise globale, sp\u00e9cialis\u00e9e dans le domaine institutionnel, publicit\u00e9s et e-learning.\" \/>\n<meta name=\"robots\" content=\"index, follow, max-snippet:-1, max-image-preview:large, max-video-preview:-1\" \/>\n<link rel=\"canonical\" href=\"https:\/\/petravermeulen.com\/fr\/mentions-legales\/\" \/>\n<meta property=\"og:locale\" content=\"fr_FR\" \/>\n<meta property=\"og:type\" content=\"article\" \/>\n<meta property=\"og:title\" content=\"Voix-off professionnelle - Petra Vermeulen\" \/>\n<meta property=\"og:description\" content=\"Je suis une artiste voix-off n\u00e9erlandaise native avec une expertise globale, sp\u00e9cialis\u00e9e dans le domaine institutionnel, publicit\u00e9s et e-learning.\" \/>\n<meta property=\"og:url\" content=\"https:\/\/petravermeulen.com\/fr\/mentions-legales\/\" \/>\n<meta property=\"og:site_name\" content=\"Petra Vermeulen\" \/>\n<meta property=\"article:modified_time\" content=\"2021-04-26T12:38:25+00:00\" \/>\n<meta name=\"twitter:card\" content=\"summary_large_image\" \/>\n<meta name=\"twitter:label1\" content=\"Dur\u00e9e de lecture estim\u00e9e\" \/>\n\t<meta name=\"twitter:data1\" content=\"4 minutes\" \/>\n<script type=\"application\/ld+json\" class=\"yoast-schema-graph\">{\"@context\":\"https:\/\/schema.org\",\"@graph\":[{\"@type\":\"WebPage\",\"@id\":\"https:\/\/petravermeulen.com\/fr\/mentions-legales\/\",\"url\":\"https:\/\/petravermeulen.com\/fr\/mentions-legales\/\",\"name\":\"Voix-off professionnelle - Petra Vermeulen\",\"isPartOf\":{\"@id\":\"https:\/\/petravermeulen.com\/fr\/#website\"},\"datePublished\":\"2017-08-09T10:49:00+00:00\",\"dateModified\":\"2021-04-26T12:38:25+00:00\",\"description\":\"Je suis une artiste voix-off n\u00e9erlandaise native avec une expertise globale, sp\u00e9cialis\u00e9e dans le domaine institutionnel, publicit\u00e9s et e-learning.\",\"breadcrumb\":{\"@id\":\"https:\/\/petravermeulen.com\/fr\/mentions-legales\/#breadcrumb\"},\"inLanguage\":\"fr-FR\",\"potentialAction\":[{\"@type\":\"ReadAction\",\"target\":[\"https:\/\/petravermeulen.com\/fr\/mentions-legales\/\"]}]},{\"@type\":\"BreadcrumbList\",\"@id\":\"https:\/\/petravermeulen.com\/fr\/mentions-legales\/#breadcrumb\",\"itemListElement\":[{\"@type\":\"ListItem\",\"position\":1,\"name\":\"Accueil\",\"item\":\"https:\/\/petravermeulen.com\/fr\/\"},{\"@type\":\"ListItem\",\"position\":2,\"name\":\"Mentions l\u00e9gales\"}]},{\"@type\":\"WebSite\",\"@id\":\"https:\/\/petravermeulen.com\/fr\/#website\",\"url\":\"https:\/\/petravermeulen.com\/fr\/\",\"name\":\"Petra Vermeulen\",\"description\":\"Voix-off professionnelle anglaise et n\u00e9erlandaise\",\"publisher\":{\"@id\":\"https:\/\/petravermeulen.com\/fr\/#organization\"},\"potentialAction\":[{\"@type\":\"SearchAction\",\"target\":{\"@type\":\"EntryPoint\",\"urlTemplate\":\"https:\/\/petravermeulen.com\/fr\/?s={search_term_string}\"},\"query-input\":{\"@type\":\"PropertyValueSpecification\",\"valueRequired\":true,\"valueName\":\"search_term_string\"}}],\"inLanguage\":\"fr-FR\"},{\"@type\":\"Organization\",\"@id\":\"https:\/\/petravermeulen.com\/fr\/#organization\",\"name\":\"Petra Vermeulen\",\"url\":\"https:\/\/petravermeulen.com\/fr\/\",\"logo\":{\"@type\":\"ImageObject\",\"inLanguage\":\"fr-FR\",\"@id\":\"https:\/\/petravermeulen.com\/fr\/#\/schema\/logo\/image\/\",\"url\":\"https:\/\/petravermeulen.com\/fr\/wp-content\/uploads\/sites\/7\/2021\/04\/logo-petra-vermeulen.jpg\",\"contentUrl\":\"https:\/\/petravermeulen.com\/fr\/wp-content\/uploads\/sites\/7\/2021\/04\/logo-petra-vermeulen.jpg\",\"width\":350,\"height\":71,\"caption\":\"Petra Vermeulen\"},\"image\":{\"@id\":\"https:\/\/petravermeulen.com\/fr\/#\/schema\/logo\/image\/\"},\"sameAs\":[\"https:\/\/fr.linkedin.com\/in\/petravermeulen\/en\",\"https:\/\/www.youtube.com\/user\/VoiceoverPetra\"]}]}<\/script>\n<!-- \/ Yoast SEO plugin. -->","yoast_head_json":{"title":"Voix-off professionnelle - Petra Vermeulen","description":"Je suis une artiste voix-off n\u00e9erlandaise native avec une expertise globale, sp\u00e9cialis\u00e9e dans le domaine institutionnel, publicit\u00e9s et e-learning.","robots":{"index":"index","follow":"follow","max-snippet":"max-snippet:-1","max-image-preview":"max-image-preview:large","max-video-preview":"max-video-preview:-1"},"canonical":"https:\/\/petravermeulen.com\/fr\/mentions-legales\/","og_locale":"fr_FR","og_type":"article","og_title":"Voix-off professionnelle - Petra Vermeulen","og_description":"Je suis une artiste voix-off n\u00e9erlandaise native avec une expertise globale, sp\u00e9cialis\u00e9e dans le domaine institutionnel, publicit\u00e9s et e-learning.","og_url":"https:\/\/petravermeulen.com\/fr\/mentions-legales\/","og_site_name":"Petra Vermeulen","article_modified_time":"2021-04-26T12:38:25+00:00","twitter_card":"summary_large_image","twitter_misc":{"Dur\u00e9e de lecture estim\u00e9e":"4 minutes"},"schema":{"@context":"https:\/\/schema.org","@graph":[{"@type":"WebPage","@id":"https:\/\/petravermeulen.com\/fr\/mentions-legales\/","url":"https:\/\/petravermeulen.com\/fr\/mentions-legales\/","name":"Voix-off professionnelle - Petra Vermeulen","isPartOf":{"@id":"https:\/\/petravermeulen.com\/fr\/#website"},"datePublished":"2017-08-09T10:49:00+00:00","dateModified":"2021-04-26T12:38:25+00:00","description":"Je suis une artiste voix-off n\u00e9erlandaise native avec une expertise globale, sp\u00e9cialis\u00e9e dans le domaine institutionnel, publicit\u00e9s et e-learning.","breadcrumb":{"@id":"https:\/\/petravermeulen.com\/fr\/mentions-legales\/#breadcrumb"},"inLanguage":"fr-FR","potentialAction":[{"@type":"ReadAction","target":["https:\/\/petravermeulen.com\/fr\/mentions-legales\/"]}]},{"@type":"BreadcrumbList","@id":"https:\/\/petravermeulen.com\/fr\/mentions-legales\/#breadcrumb","itemListElement":[{"@type":"ListItem","position":1,"name":"Accueil","item":"https:\/\/petravermeulen.com\/fr\/"},{"@type":"ListItem","position":2,"name":"Mentions l\u00e9gales"}]},{"@type":"WebSite","@id":"https:\/\/petravermeulen.com\/fr\/#website","url":"https:\/\/petravermeulen.com\/fr\/","name":"Petra Vermeulen","description":"Voix-off professionnelle anglaise et n\u00e9erlandaise","publisher":{"@id":"https:\/\/petravermeulen.com\/fr\/#organization"},"potentialAction":[{"@type":"SearchAction","target":{"@type":"EntryPoint","urlTemplate":"https:\/\/petravermeulen.com\/fr\/?s={search_term_string}"},"query-input":{"@type":"PropertyValueSpecification","valueRequired":true,"valueName":"search_term_string"}}],"inLanguage":"fr-FR"},{"@type":"Organization","@id":"https:\/\/petravermeulen.com\/fr\/#organization","name":"Petra Vermeulen","url":"https:\/\/petravermeulen.com\/fr\/","logo":{"@type":"ImageObject","inLanguage":"fr-FR","@id":"https:\/\/petravermeulen.com\/fr\/#\/schema\/logo\/image\/","url":"https:\/\/petravermeulen.com\/fr\/wp-content\/uploads\/sites\/7\/2021\/04\/logo-petra-vermeulen.jpg","contentUrl":"https:\/\/petravermeulen.com\/fr\/wp-content\/uploads\/sites\/7\/2021\/04\/logo-petra-vermeulen.jpg","width":350,"height":71,"caption":"Petra Vermeulen"},"image":{"@id":"https:\/\/petravermeulen.com\/fr\/#\/schema\/logo\/image\/"},"sameAs":["https:\/\/fr.linkedin.com\/in\/petravermeulen\/en","https:\/\/www.youtube.com\/user\/VoiceoverPetra"]}]}},"_links":{"self":[{"href":"https:\/\/petravermeulen.com\/fr\/wp-json\/wp\/v2\/pages\/622","targetHints":{"allow":["GET"]}}],"collection":[{"href":"https:\/\/petravermeulen.com\/fr\/wp-json\/wp\/v2\/pages"}],"about":[{"href":"https:\/\/petravermeulen.com\/fr\/wp-json\/wp\/v2\/types\/page"}],"author":[{"embeddable":true,"href":"https:\/\/petravermeulen.com\/fr\/wp-json\/wp\/v2\/users\/1"}],"replies":[{"embeddable":true,"href":"https:\/\/petravermeulen.com\/fr\/wp-json\/wp\/v2\/comments?post=622"}],"version-history":[{"count":44,"href":"https:\/\/petravermeulen.com\/fr\/wp-json\/wp\/v2\/pages\/622\/revisions"}],"predecessor-version":[{"id":16441,"href":"https:\/\/petravermeulen.com\/fr\/wp-json\/wp\/v2\/pages\/622\/revisions\/16441"}],"wp:attachment":[{"href":"https:\/\/petravermeulen.com\/fr\/wp-json\/wp\/v2\/media?parent=622"}],"curies":[{"name":"wp","href":"https:\/\/api.w.org\/{rel}","templated":true}]}}