{"id":932,"date":"2017-09-01T11:08:20","date_gmt":"2017-09-01T09:08:20","guid":{"rendered":"http:\/\/sitev2.petravermeulen.com\/?page_id=932"},"modified":"2021-04-26T09:58:38","modified_gmt":"2021-04-26T07:58:38","slug":"tarifs-voix-off-professionnelle","status":"publish","type":"page","link":"https:\/\/petravermeulen.com\/fr\/tarifs-voix-off-professionnelle\/","title":{"rendered":"Tarifs"},"content":{"rendered":"\t\t<div data-elementor-type=\"wp-post\" data-elementor-id=\"932\" class=\"elementor elementor-932\">\n\t\t\t\t\t\t<section class=\"elementor-section elementor-top-section elementor-element elementor-element-kkywahj elementor-section-boxed elementor-section-height-default elementor-section-height-default\" data-id=\"kkywahj\" data-element_type=\"section\" data-e-type=\"section\">\n\t\t\t\t\t\t<div class=\"elementor-container elementor-column-gap-default\">\n\t\t\t\t\t<div class=\"elementor-column elementor-col-33 elementor-top-column elementor-element elementor-element-sgloleb\" data-id=\"sgloleb\" data-element_type=\"column\" data-e-type=\"column\">\n\t\t\t<div class=\"elementor-widget-wrap elementor-element-populated\">\n\t\t\t\t\t\t<div class=\"elementor-element elementor-element-ljznzhm elementor-widget elementor-widget-image\" data-id=\"ljznzhm\" data-element_type=\"widget\" data-e-type=\"widget\" data-widget_type=\"image.default\">\n\t\t\t\t<div class=\"elementor-widget-container\">\n\t\t\t\t\t\t\t\t\t\t\t\t\t\t\t<img decoding=\"async\" width=\"150\" height=\"150\" src=\"https:\/\/petravermeulen.com\/fr\/wp-content\/uploads\/sites\/7\/2017\/08\/Petra_Vermeulen-snapshot-150x150.png\" class=\"attachment-thumbnail size-thumbnail wp-image-268\" alt=\"\" \/>\t\t\t\t\t\t\t\t\t\t\t\t\t\t\t<\/div>\n\t\t\t\t<\/div>\n\t\t\t\t<div class=\"elementor-element elementor-element-mmbctfq elementor-widget elementor-widget-text-editor\" data-id=\"mmbctfq\" data-element_type=\"widget\" data-e-type=\"widget\" data-widget_type=\"text-editor.default\">\n\t\t\t\t<div class=\"elementor-widget-container\">\n\t\t\t\t\t\t\t\t\t<p><strong>Avec une port\u00e9e de voix naturelle d&#8217;environ 25 \u00e0 50 ans<\/strong>, la plupart de mes clients trouvent ma voix douce, engageante, rassurante et intelligente.<\/p>\t\t\t\t\t\t\t\t<\/div>\n\t\t\t\t<\/div>\n\t\t\t\t\t<\/div>\n\t\t<\/div>\n\t\t\t\t<div class=\"elementor-column elementor-col-66 elementor-top-column elementor-element elementor-element-iicjyex\" data-id=\"iicjyex\" data-element_type=\"column\" data-e-type=\"column\">\n\t\t\t<div class=\"elementor-widget-wrap elementor-element-populated\">\n\t\t\t\t\t\t<div class=\"elementor-element elementor-element-hvgrbcu elementor-widget elementor-widget-heading\" data-id=\"hvgrbcu\" data-element_type=\"widget\" data-e-type=\"widget\" data-widget_type=\"heading.default\">\n\t\t\t\t<div class=\"elementor-widget-container\">\n\t\t\t\t\t<h2 class=\"elementor-heading-title elementor-size-medium\">S\u00e9ance<\/h2>\t\t\t\t<\/div>\n\t\t\t\t<\/div>\n\t\t\t\t<div class=\"elementor-element elementor-element-xyqsq58 elementor-icon-list--layout-traditional elementor-list-item-link-full_width elementor-widget elementor-widget-icon-list\" data-id=\"xyqsq58\" data-element_type=\"widget\" data-e-type=\"widget\" data-widget_type=\"icon-list.default\">\n\t\t\t\t<div class=\"elementor-widget-container\">\n\t\t\t\t\t\t\t<ul class=\"elementor-icon-list-items\">\n\t\t\t\t\t\t\t<li class=\"elementor-icon-list-item\">\n\t\t\t\t\t\t\t\t\t\t\t<span class=\"elementor-icon-list-icon\">\n\t\t\t\t\t\t\t\t\t\t\t\t\t\t\t\t<i class=\"fa fa-check\" aria-hidden=\"true\"><\/i>\n\t\t\t\t\t\t\t\t\t\t\t\t\t<\/span>\n\t\t\t\t\t\t\t\t\t\t<span class=\"elementor-icon-list-text\">300 \u20ac HT<\/span>\n\t\t\t\t\t\t\t\t\t<\/li>\n\t\t\t\t\t\t<\/ul>\n\t\t\t\t\t\t<\/div>\n\t\t\t\t<\/div>\n\t\t\t\t<div class=\"elementor-element elementor-element-sbfxb9j elementor-widget elementor-widget-heading\" data-id=\"sbfxb9j\" data-element_type=\"widget\" data-e-type=\"widget\" data-widget_type=\"heading.default\">\n\t\t\t\t<div class=\"elementor-widget-container\">\n\t\t\t\t\t<h2 class=\"elementor-heading-title elementor-size-medium\">Rachat de droits<\/h2>\t\t\t\t<\/div>\n\t\t\t\t<\/div>\n\t\t\t\t<div class=\"elementor-element elementor-element-2e319a2 elementor-widget elementor-widget-text-editor\" data-id=\"2e319a2\" data-element_type=\"widget\" data-e-type=\"widget\" data-widget_type=\"text-editor.default\">\n\t\t\t\t<div class=\"elementor-widget-container\">\n\t\t\t\t\t\t\t\t\t<p><strong>Payer pour des droits d&#8217;utilisation<\/strong><\/p>\t\t\t\t\t\t\t\t<\/div>\n\t\t\t\t<\/div>\n\t\t\t\t<div class=\"elementor-element elementor-element-7841b37 elementor-widget elementor-widget-text-editor\" data-id=\"7841b37\" data-element_type=\"widget\" data-e-type=\"widget\" data-widget_type=\"text-editor.default\">\n\t\t\t\t<div class=\"elementor-widget-container\">\n\t\t\t\t\t\t\t\t\t<p>Quelles sont les caract\u00e9ristiques de votre projet? Usage t\u00e9l\u00e9vision, en quelle langue(s) ou quel(s) pays, votre site web professionnel, Youtube, m\u00e9dias sociaux, web complet, 1 an, 5 ans, pr\u00e9roll, support pay\u00e9 ou pas, national ou r\u00e9gional, g\u00e9o-localis\u00e9? \u00c7a a l&#8217;air d&#8217;un casse-t\u00eate! En effet, les param\u00e8tres peuvent varier, et je vous propose un devis personnalis\u00e9 pour chaque projet selon vos besoins et vos informations d\u00e9taill\u00e9s.<\/p>\t\t\t\t\t\t\t\t<\/div>\n\t\t\t\t<\/div>\n\t\t\t\t<div class=\"elementor-element elementor-element-307ljsx elementor-widget elementor-widget-heading\" data-id=\"307ljsx\" data-element_type=\"widget\" data-e-type=\"widget\" data-widget_type=\"heading.default\">\n\t\t\t\t<div class=\"elementor-widget-container\">\n\t\t\t\t\t<h2 class=\"elementor-heading-title elementor-size-medium\">Information sur les tarifs<\/h2>\t\t\t\t<\/div>\n\t\t\t\t<\/div>\n\t\t\t\t<section class=\"elementor-section elementor-inner-section elementor-element elementor-element-dd4d0d7 elementor-section-boxed elementor-section-height-default elementor-section-height-default\" data-id=\"dd4d0d7\" data-element_type=\"section\" data-e-type=\"section\">\n\t\t\t\t\t\t<div class=\"elementor-container elementor-column-gap-default\">\n\t\t\t\t\t<div class=\"elementor-column elementor-col-50 elementor-inner-column elementor-element elementor-element-4fa0d90\" data-id=\"4fa0d90\" data-element_type=\"column\" data-e-type=\"column\">\n\t\t\t<div class=\"elementor-widget-wrap elementor-element-populated\">\n\t\t\t\t\t\t<div class=\"elementor-element elementor-element-12e9d72 elementor-widget elementor-widget-image\" data-id=\"12e9d72\" data-element_type=\"widget\" data-e-type=\"widget\" data-widget_type=\"image.default\">\n\t\t\t\t<div class=\"elementor-widget-container\">\n\t\t\t\t\t\t\t\t\t\t\t\t\t\t\t\t<a href=\"https:\/\/petravermeulen.com\/grille-rachat-de-droits.pdf\" target=\"_blank\">\n\t\t\t\t\t\t\t<img fetchpriority=\"high\" decoding=\"async\" width=\"3442\" height=\"2450\" src=\"https:\/\/petravermeulen.com\/fr\/wp-content\/uploads\/sites\/7\/2019\/03\/grille-rachat-de-droits.jpg\" class=\"attachment-full size-full wp-image-13185\" alt=\"\" srcset=\"https:\/\/petravermeulen.com\/fr\/wp-content\/uploads\/sites\/7\/2019\/03\/grille-rachat-de-droits.jpg 3442w, https:\/\/petravermeulen.com\/fr\/wp-content\/uploads\/sites\/7\/2019\/03\/grille-rachat-de-droits-300x214.jpg 300w, https:\/\/petravermeulen.com\/fr\/wp-content\/uploads\/sites\/7\/2019\/03\/grille-rachat-de-droits-768x547.jpg 768w, https:\/\/petravermeulen.com\/fr\/wp-content\/uploads\/sites\/7\/2019\/03\/grille-rachat-de-droits-1024x729.jpg 1024w\" sizes=\"(max-width: 3442px) 100vw, 3442px\" \/>\t\t\t\t\t\t\t\t<\/a>\n\t\t\t\t\t\t\t\t\t\t\t\t\t\t\t<\/div>\n\t\t\t\t<\/div>\n\t\t\t\t\t<\/div>\n\t\t<\/div>\n\t\t\t\t<div class=\"elementor-column elementor-col-50 elementor-inner-column elementor-element elementor-element-2a584f7\" data-id=\"2a584f7\" data-element_type=\"column\" data-e-type=\"column\">\n\t\t\t<div class=\"elementor-widget-wrap\">\n\t\t\t\t\t\t\t<\/div>\n\t\t<\/div>\n\t\t\t\t\t<\/div>\n\t\t<\/section>\n\t\t\t\t<div class=\"elementor-element elementor-element-7b8a38a elementor-widget elementor-widget-text-editor\" data-id=\"7b8a38a\" data-element_type=\"widget\" data-e-type=\"widget\" data-widget_type=\"text-editor.default\">\n\t\t\t\t<div class=\"elementor-widget-container\">\n\t\t\t\t\t\t\t\t\t<p><strong>Mais\u2026 pourquoi la <a href=\"https:\/\/petravermeulen.com\/fr\/comedienne-voix-off\/\">chouette<\/a>?<\/strong><\/p>\t\t\t\t\t\t\t\t<\/div>\n\t\t\t\t<\/div>\n\t\t\t\t\t<\/div>\n\t\t<\/div>\n\t\t\t\t\t<\/div>\n\t\t<\/section>\n\t\t\t\t<section class=\"elementor-section elementor-top-section elementor-element elementor-element-zukwlel elementor-section-stretched elementor-section-boxed elementor-section-height-default elementor-section-height-default\" data-id=\"zukwlel\" data-element_type=\"section\" data-e-type=\"section\" data-settings=\"{&quot;stretch_section&quot;:&quot;section-stretched&quot;,&quot;background_background&quot;:&quot;classic&quot;}\">\n\t\t\t\t\t\t<div class=\"elementor-container elementor-column-gap-wider\">\n\t\t\t\t\t<div class=\"elementor-column elementor-col-100 elementor-top-column elementor-element elementor-element-yarhqii\" data-id=\"yarhqii\" data-element_type=\"column\" data-e-type=\"column\">\n\t\t\t<div class=\"elementor-widget-wrap elementor-element-populated\">\n\t\t\t\t\t\t<div class=\"elementor-element elementor-element-byczlmq elementor-widget elementor-widget-heading\" data-id=\"byczlmq\" data-element_type=\"widget\" data-e-type=\"widget\" data-widget_type=\"heading.default\">\n\t\t\t\t<div class=\"elementor-widget-container\">\n\t\t\t\t\t<h2 class=\"elementor-heading-title elementor-size-large\">Donnez des ailes \u00e0 votre projet!<\/h2>\t\t\t\t<\/div>\n\t\t\t\t<\/div>\n\t\t\t\t<div class=\"elementor-element elementor-element-efwvfgq elementor-align-center elementor-widget elementor-widget-button\" data-id=\"efwvfgq\" data-element_type=\"widget\" data-e-type=\"widget\" data-widget_type=\"button.default\">\n\t\t\t\t<div class=\"elementor-widget-container\">\n\t\t\t\t\t\t\t\t\t<div class=\"elementor-button-wrapper\">\n\t\t\t\t\t<a class=\"elementor-button elementor-button-link elementor-size-md\" href=\"https:\/\/petravermeulen.com\/fr\/contacter-voix-off-professionnelle\/\">\n\t\t\t\t\t\t<span class=\"elementor-button-content-wrapper\">\n\t\t\t\t\t\t\t\t\t<span class=\"elementor-button-text\">FAITES-MOI SIGNE<\/span>\n\t\t\t\t\t<\/span>\n\t\t\t\t\t<\/a>\n\t\t\t\t<\/div>\n\t\t\t\t\t\t\t\t<\/div>\n\t\t\t\t<\/div>\n\t\t\t\t\t<\/div>\n\t\t<\/div>\n\t\t\t\t\t<\/div>\n\t\t<\/section>\n\t\t\t\t<section class=\"elementor-section elementor-top-section elementor-element elementor-element-467a7f5 elementor-section-boxed elementor-section-height-default elementor-section-height-default\" data-id=\"467a7f5\" data-element_type=\"section\" data-e-type=\"section\">\n\t\t\t\t\t\t<div class=\"elementor-container elementor-column-gap-default\">\n\t\t\t\t\t<div class=\"elementor-column elementor-col-33 elementor-top-column elementor-element elementor-element-f343a62\" data-id=\"f343a62\" data-element_type=\"column\" data-e-type=\"column\">\n\t\t\t<div class=\"elementor-widget-wrap\">\n\t\t\t\t\t\t\t<\/div>\n\t\t<\/div>\n\t\t\t\t<div class=\"elementor-column elementor-col-66 elementor-top-column elementor-element elementor-element-28845b6\" data-id=\"28845b6\" data-element_type=\"column\" data-e-type=\"column\">\n\t\t\t<div class=\"elementor-widget-wrap\">\n\t\t\t\t\t\t\t<\/div>\n\t\t<\/div>\n\t\t\t\t\t<\/div>\n\t\t<\/section>\n\t\t\t\t<\/div>\n\t\t","protected":false},"excerpt":{"rendered":"<p>Avec une port\u00e9e de voix naturelle d&#8217;environ 25 \u00e0 50 ans, la plupart de mes clients trouvent ma voix douce, engageante, rassurante et intelligente. S\u00e9ance 300 \u20ac HT Rachat de droits Payer pour des droits d&#8217;utilisation Quelles sont les caract\u00e9ristiques de votre projet? Usage t\u00e9l\u00e9vision, en quelle langue(s) ou quel(s) pays, votre site web professionnel, [&hellip;]<\/p>\n","protected":false},"author":1,"featured_media":0,"parent":0,"menu_order":0,"comment_status":"closed","ping_status":"closed","template":"","meta":{"ocean_post_layout":"","ocean_both_sidebars_style":"","ocean_both_sidebars_content_width":0,"ocean_both_sidebars_sidebars_width":0,"ocean_sidebar":"","ocean_second_sidebar":"","ocean_disable_margins":"enable","ocean_add_body_class":"","ocean_shortcode_before_top_bar":"","ocean_shortcode_after_top_bar":"","ocean_shortcode_before_header":"","ocean_shortcode_after_header":"","ocean_has_shortcode":"","ocean_shortcode_after_title":"","ocean_shortcode_before_footer_widgets":"","ocean_shortcode_after_footer_widgets":"","ocean_shortcode_before_footer_bottom":"","ocean_shortcode_after_footer_bottom":"","ocean_display_top_bar":"default","ocean_display_header":"default","ocean_header_style":"","ocean_center_header_left_menu":"","ocean_custom_header_template":"","ocean_custom_logo":0,"ocean_custom_retina_logo":0,"ocean_custom_logo_max_width":0,"ocean_custom_logo_tablet_max_width":0,"ocean_custom_logo_mobile_max_width":0,"ocean_custom_logo_max_height":0,"ocean_custom_logo_tablet_max_height":0,"ocean_custom_logo_mobile_max_height":0,"ocean_header_custom_menu":"","ocean_menu_typo_font_family":"","ocean_menu_typo_font_subset":"","ocean_menu_typo_font_size":0,"ocean_menu_typo_font_size_tablet":0,"ocean_menu_typo_font_size_mobile":0,"ocean_menu_typo_font_size_unit":"px","ocean_menu_typo_font_weight":"","ocean_menu_typo_font_weight_tablet":"","ocean_menu_typo_font_weight_mobile":"","ocean_menu_typo_transform":"","ocean_menu_typo_transform_tablet":"","ocean_menu_typo_transform_mobile":"","ocean_menu_typo_line_height":0,"ocean_menu_typo_line_height_tablet":0,"ocean_menu_typo_line_height_mobile":0,"ocean_menu_typo_line_height_unit":"","ocean_menu_typo_spacing":0,"ocean_menu_typo_spacing_tablet":0,"ocean_menu_typo_spacing_mobile":0,"ocean_menu_typo_spacing_unit":"","ocean_menu_link_color":"","ocean_menu_link_color_hover":"","ocean_menu_link_color_active":"","ocean_menu_link_background":"","ocean_menu_link_hover_background":"","ocean_menu_link_active_background":"","ocean_menu_social_links_bg":"","ocean_menu_social_hover_links_bg":"","ocean_menu_social_links_color":"","ocean_menu_social_hover_links_color":"","ocean_disable_title":"default","ocean_disable_heading":"default","ocean_post_title":"","ocean_post_subheading":"","ocean_post_title_style":"","ocean_post_title_background_color":"","ocean_post_title_background":0,"ocean_post_title_bg_image_position":"","ocean_post_title_bg_image_attachment":"","ocean_post_title_bg_image_repeat":"","ocean_post_title_bg_image_size":"","ocean_post_title_height":0,"ocean_post_title_bg_overlay":0.5,"ocean_post_title_bg_overlay_color":"","ocean_disable_breadcrumbs":"default","ocean_breadcrumbs_color":"","ocean_breadcrumbs_separator_color":"","ocean_breadcrumbs_links_color":"","ocean_breadcrumbs_links_hover_color":"","ocean_display_footer_widgets":"default","ocean_display_footer_bottom":"default","ocean_custom_footer_template":"","footnotes":""},"class_list":["post-932","page","type-page","status-publish","hentry","entry"],"yoast_head":"<!-- This site is optimized with the Yoast SEO plugin v26.9 - https:\/\/yoast.com\/product\/yoast-seo-wordpress\/ -->\n<title>Petra Vermeulen Com\u00e9dienne voix-off anglais - n\u00e9erlandais - Tarifs<\/title>\n<meta name=\"description\" content=\"Une voix-off professionnelle f\u00e9minine rassurante et engageante pour vos projets publicit\u00e9 TV ou internet, pr\u00e9sentations site web ou institutionnel.\" \/>\n<meta name=\"robots\" content=\"index, follow, max-snippet:-1, max-image-preview:large, max-video-preview:-1\" \/>\n<link rel=\"canonical\" href=\"https:\/\/petravermeulen.com\/fr\/tarifs-voix-off-professionnelle\/\" \/>\n<meta property=\"og:locale\" content=\"fr_FR\" \/>\n<meta property=\"og:type\" content=\"article\" \/>\n<meta property=\"og:title\" content=\"Petra Vermeulen Com\u00e9dienne voix-off anglais - n\u00e9erlandais - Tarifs\" \/>\n<meta property=\"og:description\" content=\"Une voix-off professionnelle f\u00e9minine rassurante et engageante pour vos projets publicit\u00e9 TV ou internet, pr\u00e9sentations site web ou institutionnel.\" \/>\n<meta property=\"og:url\" content=\"https:\/\/petravermeulen.com\/fr\/tarifs-voix-off-professionnelle\/\" \/>\n<meta property=\"og:site_name\" content=\"Petra Vermeulen\" \/>\n<meta property=\"article:modified_time\" content=\"2021-04-26T07:58:38+00:00\" \/>\n<meta property=\"og:image\" content=\"https:\/\/petrafr.sevisuel.com\/fr\/wp-content\/uploads\/sites\/7\/2017\/08\/Petra_Vermeulen-snapshot-150x150.png\" \/>\n<meta name=\"twitter:card\" content=\"summary_large_image\" \/>\n<meta name=\"twitter:label1\" content=\"Dur\u00e9e de lecture estim\u00e9e\" \/>\n\t<meta name=\"twitter:data1\" content=\"1 minute\" \/>\n<script type=\"application\/ld+json\" class=\"yoast-schema-graph\">{\"@context\":\"https:\/\/schema.org\",\"@graph\":[{\"@type\":\"WebPage\",\"@id\":\"https:\/\/petravermeulen.com\/fr\/tarifs-voix-off-professionnelle\/\",\"url\":\"https:\/\/petravermeulen.com\/fr\/tarifs-voix-off-professionnelle\/\",\"name\":\"Petra Vermeulen Com\u00e9dienne voix-off anglais - n\u00e9erlandais - Tarifs\",\"isPartOf\":{\"@id\":\"https:\/\/petravermeulen.com\/fr\/#website\"},\"primaryImageOfPage\":{\"@id\":\"https:\/\/petravermeulen.com\/fr\/tarifs-voix-off-professionnelle\/#primaryimage\"},\"image\":{\"@id\":\"https:\/\/petravermeulen.com\/fr\/tarifs-voix-off-professionnelle\/#primaryimage\"},\"thumbnailUrl\":\"https:\/\/petrafr.sevisuel.com\/fr\/wp-content\/uploads\/sites\/7\/2017\/08\/Petra_Vermeulen-snapshot-150x150.png\",\"datePublished\":\"2017-09-01T09:08:20+00:00\",\"dateModified\":\"2021-04-26T07:58:38+00:00\",\"description\":\"Une voix-off professionnelle f\u00e9minine rassurante et engageante pour vos projets publicit\u00e9 TV ou internet, pr\u00e9sentations site web ou institutionnel.\",\"breadcrumb\":{\"@id\":\"https:\/\/petravermeulen.com\/fr\/tarifs-voix-off-professionnelle\/#breadcrumb\"},\"inLanguage\":\"fr-FR\",\"potentialAction\":[{\"@type\":\"ReadAction\",\"target\":[\"https:\/\/petravermeulen.com\/fr\/tarifs-voix-off-professionnelle\/\"]}]},{\"@type\":\"ImageObject\",\"inLanguage\":\"fr-FR\",\"@id\":\"https:\/\/petravermeulen.com\/fr\/tarifs-voix-off-professionnelle\/#primaryimage\",\"url\":\"https:\/\/petrafr.sevisuel.com\/fr\/wp-content\/uploads\/sites\/7\/2017\/08\/Petra_Vermeulen-snapshot-150x150.png\",\"contentUrl\":\"https:\/\/petrafr.sevisuel.com\/fr\/wp-content\/uploads\/sites\/7\/2017\/08\/Petra_Vermeulen-snapshot-150x150.png\"},{\"@type\":\"BreadcrumbList\",\"@id\":\"https:\/\/petravermeulen.com\/fr\/tarifs-voix-off-professionnelle\/#breadcrumb\",\"itemListElement\":[{\"@type\":\"ListItem\",\"position\":1,\"name\":\"Accueil\",\"item\":\"https:\/\/petravermeulen.com\/fr\/\"},{\"@type\":\"ListItem\",\"position\":2,\"name\":\"Tarifs\"}]},{\"@type\":\"WebSite\",\"@id\":\"https:\/\/petravermeulen.com\/fr\/#website\",\"url\":\"https:\/\/petravermeulen.com\/fr\/\",\"name\":\"Petra Vermeulen\",\"description\":\"Voix-off professionnelle anglaise et n\u00e9erlandaise\",\"publisher\":{\"@id\":\"https:\/\/petravermeulen.com\/fr\/#organization\"},\"potentialAction\":[{\"@type\":\"SearchAction\",\"target\":{\"@type\":\"EntryPoint\",\"urlTemplate\":\"https:\/\/petravermeulen.com\/fr\/?s={search_term_string}\"},\"query-input\":{\"@type\":\"PropertyValueSpecification\",\"valueRequired\":true,\"valueName\":\"search_term_string\"}}],\"inLanguage\":\"fr-FR\"},{\"@type\":\"Organization\",\"@id\":\"https:\/\/petravermeulen.com\/fr\/#organization\",\"name\":\"Petra Vermeulen\",\"url\":\"https:\/\/petravermeulen.com\/fr\/\",\"logo\":{\"@type\":\"ImageObject\",\"inLanguage\":\"fr-FR\",\"@id\":\"https:\/\/petravermeulen.com\/fr\/#\/schema\/logo\/image\/\",\"url\":\"https:\/\/petravermeulen.com\/fr\/wp-content\/uploads\/sites\/7\/2021\/04\/logo-petra-vermeulen.jpg\",\"contentUrl\":\"https:\/\/petravermeulen.com\/fr\/wp-content\/uploads\/sites\/7\/2021\/04\/logo-petra-vermeulen.jpg\",\"width\":350,\"height\":71,\"caption\":\"Petra Vermeulen\"},\"image\":{\"@id\":\"https:\/\/petravermeulen.com\/fr\/#\/schema\/logo\/image\/\"},\"sameAs\":[\"https:\/\/fr.linkedin.com\/in\/petravermeulen\/en\",\"https:\/\/www.youtube.com\/user\/VoiceoverPetra\"]}]}<\/script>\n<!-- \/ Yoast SEO plugin. -->","yoast_head_json":{"title":"Petra Vermeulen Com\u00e9dienne voix-off anglais - n\u00e9erlandais - Tarifs","description":"Une voix-off professionnelle f\u00e9minine rassurante et engageante pour vos projets publicit\u00e9 TV ou internet, pr\u00e9sentations site web ou institutionnel.","robots":{"index":"index","follow":"follow","max-snippet":"max-snippet:-1","max-image-preview":"max-image-preview:large","max-video-preview":"max-video-preview:-1"},"canonical":"https:\/\/petravermeulen.com\/fr\/tarifs-voix-off-professionnelle\/","og_locale":"fr_FR","og_type":"article","og_title":"Petra Vermeulen Com\u00e9dienne voix-off anglais - n\u00e9erlandais - Tarifs","og_description":"Une voix-off professionnelle f\u00e9minine rassurante et engageante pour vos projets publicit\u00e9 TV ou internet, pr\u00e9sentations site web ou institutionnel.","og_url":"https:\/\/petravermeulen.com\/fr\/tarifs-voix-off-professionnelle\/","og_site_name":"Petra Vermeulen","article_modified_time":"2021-04-26T07:58:38+00:00","og_image":[{"url":"https:\/\/petrafr.sevisuel.com\/fr\/wp-content\/uploads\/sites\/7\/2017\/08\/Petra_Vermeulen-snapshot-150x150.png","type":"","width":"","height":""}],"twitter_card":"summary_large_image","twitter_misc":{"Dur\u00e9e de lecture estim\u00e9e":"1 minute"},"schema":{"@context":"https:\/\/schema.org","@graph":[{"@type":"WebPage","@id":"https:\/\/petravermeulen.com\/fr\/tarifs-voix-off-professionnelle\/","url":"https:\/\/petravermeulen.com\/fr\/tarifs-voix-off-professionnelle\/","name":"Petra Vermeulen Com\u00e9dienne voix-off anglais - n\u00e9erlandais - Tarifs","isPartOf":{"@id":"https:\/\/petravermeulen.com\/fr\/#website"},"primaryImageOfPage":{"@id":"https:\/\/petravermeulen.com\/fr\/tarifs-voix-off-professionnelle\/#primaryimage"},"image":{"@id":"https:\/\/petravermeulen.com\/fr\/tarifs-voix-off-professionnelle\/#primaryimage"},"thumbnailUrl":"https:\/\/petrafr.sevisuel.com\/fr\/wp-content\/uploads\/sites\/7\/2017\/08\/Petra_Vermeulen-snapshot-150x150.png","datePublished":"2017-09-01T09:08:20+00:00","dateModified":"2021-04-26T07:58:38+00:00","description":"Une voix-off professionnelle f\u00e9minine rassurante et engageante pour vos projets publicit\u00e9 TV ou internet, pr\u00e9sentations site web ou institutionnel.","breadcrumb":{"@id":"https:\/\/petravermeulen.com\/fr\/tarifs-voix-off-professionnelle\/#breadcrumb"},"inLanguage":"fr-FR","potentialAction":[{"@type":"ReadAction","target":["https:\/\/petravermeulen.com\/fr\/tarifs-voix-off-professionnelle\/"]}]},{"@type":"ImageObject","inLanguage":"fr-FR","@id":"https:\/\/petravermeulen.com\/fr\/tarifs-voix-off-professionnelle\/#primaryimage","url":"https:\/\/petrafr.sevisuel.com\/fr\/wp-content\/uploads\/sites\/7\/2017\/08\/Petra_Vermeulen-snapshot-150x150.png","contentUrl":"https:\/\/petrafr.sevisuel.com\/fr\/wp-content\/uploads\/sites\/7\/2017\/08\/Petra_Vermeulen-snapshot-150x150.png"},{"@type":"BreadcrumbList","@id":"https:\/\/petravermeulen.com\/fr\/tarifs-voix-off-professionnelle\/#breadcrumb","itemListElement":[{"@type":"ListItem","position":1,"name":"Accueil","item":"https:\/\/petravermeulen.com\/fr\/"},{"@type":"ListItem","position":2,"name":"Tarifs"}]},{"@type":"WebSite","@id":"https:\/\/petravermeulen.com\/fr\/#website","url":"https:\/\/petravermeulen.com\/fr\/","name":"Petra Vermeulen","description":"Voix-off professionnelle anglaise et n\u00e9erlandaise","publisher":{"@id":"https:\/\/petravermeulen.com\/fr\/#organization"},"potentialAction":[{"@type":"SearchAction","target":{"@type":"EntryPoint","urlTemplate":"https:\/\/petravermeulen.com\/fr\/?s={search_term_string}"},"query-input":{"@type":"PropertyValueSpecification","valueRequired":true,"valueName":"search_term_string"}}],"inLanguage":"fr-FR"},{"@type":"Organization","@id":"https:\/\/petravermeulen.com\/fr\/#organization","name":"Petra Vermeulen","url":"https:\/\/petravermeulen.com\/fr\/","logo":{"@type":"ImageObject","inLanguage":"fr-FR","@id":"https:\/\/petravermeulen.com\/fr\/#\/schema\/logo\/image\/","url":"https:\/\/petravermeulen.com\/fr\/wp-content\/uploads\/sites\/7\/2021\/04\/logo-petra-vermeulen.jpg","contentUrl":"https:\/\/petravermeulen.com\/fr\/wp-content\/uploads\/sites\/7\/2021\/04\/logo-petra-vermeulen.jpg","width":350,"height":71,"caption":"Petra Vermeulen"},"image":{"@id":"https:\/\/petravermeulen.com\/fr\/#\/schema\/logo\/image\/"},"sameAs":["https:\/\/fr.linkedin.com\/in\/petravermeulen\/en","https:\/\/www.youtube.com\/user\/VoiceoverPetra"]}]}},"_links":{"self":[{"href":"https:\/\/petravermeulen.com\/fr\/wp-json\/wp\/v2\/pages\/932","targetHints":{"allow":["GET"]}}],"collection":[{"href":"https:\/\/petravermeulen.com\/fr\/wp-json\/wp\/v2\/pages"}],"about":[{"href":"https:\/\/petravermeulen.com\/fr\/wp-json\/wp\/v2\/types\/page"}],"author":[{"embeddable":true,"href":"https:\/\/petravermeulen.com\/fr\/wp-json\/wp\/v2\/users\/1"}],"replies":[{"embeddable":true,"href":"https:\/\/petravermeulen.com\/fr\/wp-json\/wp\/v2\/comments?post=932"}],"version-history":[{"count":95,"href":"https:\/\/petravermeulen.com\/fr\/wp-json\/wp\/v2\/pages\/932\/revisions"}],"predecessor-version":[{"id":16331,"href":"https:\/\/petravermeulen.com\/fr\/wp-json\/wp\/v2\/pages\/932\/revisions\/16331"}],"wp:attachment":[{"href":"https:\/\/petravermeulen.com\/fr\/wp-json\/wp\/v2\/media?parent=932"}],"curies":[{"name":"wp","href":"https:\/\/api.w.org\/{rel}","templated":true}]}}